{"id":9035,"date":"2025-11-26T14:36:32","date_gmt":"2025-11-26T14:36:32","guid":{"rendered":"https:\/\/aurahomeai.com\/zasady-ochrany-osobnych-udajov\/"},"modified":"2025-12-09T15:06:55","modified_gmt":"2025-12-09T15:06:55","slug":"zasady-ochrany-osobnych-udajov","status":"publish","type":"page","link":"https:\/\/aurahomeai.com\/sk\/zasady-ochrany-osobnych-udajov\/","title":{"rendered":"Z\u00e1sady ochrany osobn\u00fdch \u00fadajov"},"content":{"rendered":"\t\t<div data-elementor-type=\"wp-page\" data-elementor-id=\"9035\" class=\"elementor elementor-9035 elementor-3\" data-elementor-post-type=\"page\">\n\t\t\t\t<div class=\"elementor-element elementor-element-6280da77 e-flex e-con-boxed e-con e-parent\" data-id=\"6280da77\" data-element_type=\"container\" data-e-type=\"container\">\n\t\t\t\t\t<div class=\"e-con-inner\">\n\t\t\t\t<div class=\"elementor-element elementor-element-266b2312 elementor-widget elementor-widget-text-editor\" data-id=\"266b2312\" data-element_type=\"widget\" data-e-type=\"widget\" data-widget_type=\"text-editor.default\">\n\t\t\t\t\t\t\t\t\t<p><\/p>\n<p class=\"p1\"><span class=\"s1\"><b>Naposledy aktualizovan\u00e9:<\/b> 28. novembra 2025<\/span><\/p>\n<p class=\"p1\"><span class=\"s1\">Venca, s.r.o., poskytovate\u013e produktu&nbsp;<b>AuraHomeAI<\/b> (\u201e<b>AuraHomeAI<\/b>\u201c, \u201e<b>my<\/b>\u201c, \u201e<b>n\u00e1s<\/b>\u201c alebo \u201e<b>na\u0161e<\/b>\u201c) sa zav\u00e4zuje chr\u00e1ni\u0165 va\u0161e s\u00fakromie a transparentne sprac\u00fava\u0165 osobn\u00e9 \u00fadaje. Tieto Z\u00e1sady ochrany osobn\u00fdch \u00fadajov (\u010falej len \u201e<g id=\"gid_6\">Z\u00e1sady<\/g>\u201c) popisuj\u00fa, ak\u00e9 \u00fadaje zhroma\u017e\u010fujeme, ako ich pou\u017e\u00edvame, va\u0161e pr\u00e1va a ako n\u00e1s m\u00f4\u017eete kontaktova\u0165. Pou\u017e\u00edvan\u00edm na\u0161ej webovej str\u00e1nky, webov\u00fdch aplik\u00e1ci\u00ed alebo slu\u017eieb (spolo\u010dne \u201e<g id=\"gid_7\">Slu\u017eba<\/g>\u201c) s\u00fahlas\u00edte s postupmi op\u00edsan\u00fdmi v t\u00fdchto Z\u00e1sad\u00e1ch. Ak nes\u00fahlas\u00edte, presta\u0148te Slu\u017ebu pou\u017e\u00edva\u0165.  <\/span><\/p>\n<p class=\"p1\"><span class=\"s1\">\u200d<\/span><\/p>\n<p class=\"p3\"><span class=\"s2\"><b>1. Inform\u00e1cie, ktor\u00e9 zhroma\u017e\u010fujeme<\/b><b><\/b><\/span><\/p>\n<p class=\"p1\"><span class=\"s1\"><b>1.1 Inform\u00e1cie, ktor\u00e9 n\u00e1m poskytujete<\/b>Zhroma\u017e\u010fujeme inform\u00e1cie, ktor\u00e9 n\u00e1m dobrovo\u013ene poskytujete, vr\u00e1tane:<\/span><\/p>\n<p class=\"p1\"><span class=\"s1\">&#8211; <b>Inform\u00e1cie o \u00fa\u010dte:<\/b> Meno, e-mailov\u00e1 adresa, n\u00e1zov spolo\u010dnosti a heslo pri vytv\u00e1ran\u00ed \u00fa\u010dtu.<\/span><\/p>\n<p class=\"p1\"><span class=\"s1\">&#8211; <b>Faktura\u010dn\u00e9 \u00fadaje:<\/b> Platobn\u00e9 \u00fadaje a faktura\u010dn\u00e1 adresa pri k\u00fape pl\u00e1nu alebo kreditov na inzerciu.<\/span><\/p>\n<p class=\"p1\"><span class=\"s1\">&#8211; <b>Nahran\u00fd obsah:<\/b> Fotografie, p\u00f4dorysy, textov\u00e9 vstupy a in\u00e9 materi\u00e1ly (\u201ePou\u017e\u00edvate\u013esk\u00fd obsah\u201c), ktor\u00e9 nahr\u00e1vate na spracovanie AI.<\/span><\/p>\n<p class=\"p1\"><span class=\"s1\">&#8211; <b>Komunik\u00e1cia:<\/b> Spr\u00e1vy, ktor\u00e9 n\u00e1m posielate prostredn\u00edctvom e-mailu, chatu alebo \u017eiadost\u00ed o podporu.<\/span><\/p>\n<p class=\"p1\"><span class=\"s1\">\u200d<b>1.2 Inform\u00e1cie, ktor\u00e9 zhroma\u017e\u010fujeme automaticky<\/b>Ke\u010f pristupujete k Slu\u017ebe alebo ju pou\u017e\u00edvate, m\u00f4\u017eeme automaticky zhroma\u017e\u010fova\u0165:<\/span><\/p>\n<p class=\"p1\"><span class=\"s1\">&#8211; <b>Inform\u00e1cie o zariaden\u00ed:<\/b> IP adresa, typ prehliada\u010da, opera\u010dn\u00fd syst\u00e9m, model zariadenia a jazykov\u00e9 preferencie.<\/span><\/p>\n<p class=\"p1\"><span class=\"s1\">&#8211; <b>\u00dadaje o pou\u017e\u00edvan\u00ed:<\/b> D\u00e1tumy, \u010dasy a interakcie so Slu\u017ebou, vr\u00e1tane kliknut\u00ed, pou\u017eit\u00fdch funkci\u00ed a str\u00e1ven\u00e9ho \u010dasu.<\/span><\/p>\n<p class=\"p1\"><span class=\"s1\">&#8211;&nbsp;<b>S\u00fabory cookie a sledovacie technol\u00f3gie:<\/b> \u00dadaje zhroma\u017e\u010fovan\u00e9 prostredn\u00edctvom s\u00faborov cookie, pixelov a analytick\u00fdch n\u00e1strojov na zlep\u0161enie v\u00fdkonu a pou\u017e\u00edvate\u013esk\u00e9ho z\u00e1\u017eitku. Predvo\u013eby s\u00faborov cookie m\u00f4\u017eete upravi\u0165 v nastaveniach prehliada\u010da. <\/span><\/p>\n<p class=\"p1\"><span class=\"s1\">\u200d<b>1.3 Inform\u00e1cie od tret\u00edch str\u00e1n<\/b>M\u00f4\u017eeme od v\u00e1s z\u00edska\u0165 obmedzen\u00e9 inform\u00e1cie od:<\/span><\/p>\n<p class=\"p1\"><span class=\"s1\">&#8211; <b>Spracovate\u013eov platieb:<\/b> Podrobnosti o transakci\u00e1ch potvrdzuj\u00face \u00faspe\u0161n\u00e9 platby.<\/span><\/p>\n<p class=\"p1\"><span class=\"s1\">&#8211; <b>Poskytovate\u013eov prihl\u00e1senia tret\u00edch str\u00e1n:<\/b> Ak sa prihlasujete pomocou slu\u017eieb Google, Apple alebo podobn\u00fdch.<\/span><\/p>\n<p class=\"p1\"><span class=\"s1\">&#8211; <b>Analytick\u00fdch alebo marketingov\u00fdch partnerov:<\/b> Agregovan\u00e9, neidentifikovate\u013en\u00e9 \u0161tatistiky o pou\u017e\u00edvan\u00ed Slu\u017eby.<\/span><\/p>\n<p class=\"p1\"><span class=\"s1\">\u200d<b>1.4 Agregovan\u00e9 a deidentifikovan\u00e9 \u00fadaje<\/b>M\u00f4\u017eeme zhroma\u017e\u010fova\u0165 alebo generova\u0165 anonymizovan\u00e9 \u00fadaje, ktor\u00e9 v\u00e1s nem\u00f4\u017eu identifikova\u0165. Tak\u00e9to \u00fadaje pou\u017e\u00edvame na v\u00fdskum, anal\u00fdzy a zlep\u0161ovanie slu\u017eieb. <\/span><\/p>\n<p class=\"p3\"><span class=\"s2\"><b>2. Ako pou\u017e\u00edvame va\u0161e inform\u00e1cie<\/b><b><\/b><\/span><\/p>\n<p class=\"p1\"><span class=\"s1\"><b>\u200d<\/b>Osobn\u00e9 \u00fadaje pou\u017e\u00edvame na legit\u00edmne obchodn\u00e9 \u00fa\u010dely, vr\u00e1tane:<\/span><\/p>\n<p class=\"p1\"><span class=\"s1\">&#8211; <b>Prev\u00e1dzka slu\u017eby:<\/b> Na vytv\u00e1ranie a spr\u00e1vu \u00fa\u010dtov, spracovanie transakci\u00ed a poskytovanie po\u017eadovan\u00fdch v\u00fdstupov.<\/span><\/p>\n<p class=\"p1\"><span class=\"s1\">&#8211; <b>Zlep\u0161ovanie:<\/b> Na pochopenie trendov pou\u017e\u00edvania, rie\u0161enie probl\u00e9mov a zlep\u0161ovanie v\u00fdkonu a funkci\u00ed Slu\u017eby.<\/span><\/p>\n<p class=\"p1\"><span class=\"s1\">&#8211; <b>Komunik\u00e1cia:<\/b> Na odosielanie odpoved\u00ed na podporu, aktualiz\u00e1ci\u00ed \u00fa\u010dtu a relevantn\u00fdch ozn\u00e1men\u00ed o slu\u017eb\u00e1ch.<\/span><\/p>\n<p class=\"p1\"><span class=\"s1\">&#8211; <b>Marketing:<\/b> Na odosielanie pon\u00fak, aktualiz\u00e1ci\u00ed a inform\u00e1ci\u00ed o produktoch, iba ak ste sa prihl\u00e1sili alebo ak to povo\u013euje z\u00e1kon.<\/span><\/p>\n<p class=\"p1\"><span class=\"s1\">&#8211; <b>Bezpe\u010dnos\u0165 a s\u00falad:<\/b> Na detekciu podvodov, prevenciu zneu\u017e\u00edvania, presadzovanie Podmienok pou\u017e\u00edvania a dodr\u017eiavanie pr\u00e1vnych z\u00e1v\u00e4zkov.<\/span><\/p>\n<p class=\"p1\"><span class=\"s1\">&#8211; <b>V\u00fdkon modelu AI:<\/b> Na anal\u00fdzu anonymizovan\u00fdch \u00fadajov o pou\u017e\u00edvan\u00ed a zlep\u0161enie presnosti spracovania. Va\u0161e osobn\u00e9 \u00fadaje <b>nepred\u00e1vame<\/b>.<\/span><\/p>\n<p class=\"p1\"><span class=\"s1\"><b>3. Ako zdie\u013eame inform\u00e1cie<\/b>Va\u0161e inform\u00e1cie zdie\u013eame iba vtedy, ke\u010f je to nevyhnutn\u00e9 a ako je pop\u00edsan\u00e9 ni\u017e\u0161ie:<\/span><\/p>\n<p class=\"p1\"><span class=\"s1\">\u200d<b>3.1 S poskytovate\u013emi slu\u017eieb<\/b>Vyu\u017e\u00edvame d\u00f4veryhodn\u00e9 tretie strany, ktor\u00e9 poskytuj\u00fa hosting, cloudov\u00fa infra\u0161trukt\u00faru, anal\u00fdzy, spracovanie platieb (napr. Stripe) a z\u00e1kazn\u00edcku podporu. S\u00fa zmluvne viazan\u00e9 pou\u017e\u00edva\u0165 va\u0161e \u00fadaje iba pod\u013ea pokynov AuraHomeAI. <\/span><\/p>\n<p class=\"p1\"><span class=\"s1\">\u200d<b>3.2 Z\u00e1konn\u00e9 po\u017eiadavky<\/b>M\u00f4\u017eeme zverejni\u0165 inform\u00e1cie org\u00e1nom \u010dinn\u00fdm v trestnom konan\u00ed alebo vl\u00e1dnym org\u00e1nom, ak to vy\u017eaduje z\u00e1kon alebo na ochranu na\u0161ich z\u00e1konn\u00fdch pr\u00e1v a prevenciu podvodov.<\/span><\/p>\n<p class=\"p1\"><span class=\"s1\">\u200d<b>3.3 Obchodn\u00e9 prevody<\/b>Ak AuraHomeAI prejde f\u00faziou, akviz\u00edciou alebo predajom akt\u00edv, va\u0161e inform\u00e1cie m\u00f4\u017eu by\u0165 preveden\u00e9 ako s\u00fa\u010das\u0165 tejto transakcie. Budete upozornen\u00ed, ak sa zmen\u00ed vlastn\u00edctvo alebo kontrola nad va\u0161imi osobn\u00fdmi \u00fadajmi. <\/span><\/p>\n<p class=\"p1\"><span class=\"s1\">\u200d<b>3.4 S va\u0161\u00edm s\u00fahlasom<\/b>M\u00f4\u017eeme zdie\u013ea\u0165 \u00fadaje s partnermi alebo pridru\u017een\u00fdmi spolo\u010dnos\u0165ami, ak v\u00fdslovne s\u00fahlas\u00edte (napr. pri integr\u00e1cii aplik\u00e1ci\u00ed tret\u00edch str\u00e1n).<\/span><\/p>\n<p class=\"p3\"><span class=\"s2\"><b>4. Va\u0161e pr\u00e1va<\/b><b><\/b><\/span><\/p>\n<p class=\"p1\"><span class=\"s1\"><b>\u200d<\/b>V z\u00e1vislosti od va\u0161ej krajiny alebo regi\u00f3nu m\u00f4\u017eete ma\u0165 nasleduj\u00face pr\u00e1va:<\/span><\/p>\n<p class=\"p1\"><span class=\"s1\">&#8211; <b>Pr\u00edstup:<\/b> Po\u017eiada\u0165 o potvrdenie, \u010di sprac\u00favame va\u0161e \u00fadaje, a z\u00edska\u0165 k\u00f3piu.<\/span><\/p>\n<p class=\"p1\"><span class=\"s1\">&#8211; <b>Oprava:<\/b> Po\u017eiada\u0165 o opravu nepresn\u00fdch alebo ne\u00fapln\u00fdch \u00fadajov.<\/span><\/p>\n<p class=\"p1\"><span class=\"s1\">&#8211; <b>Vymazanie:<\/b> Po\u017eiada\u0165 o vymazanie va\u0161ich \u00fadajov, s v\u00fdhradou z\u00e1konn\u00fdch a prev\u00e1dzkov\u00fdch obmedzen\u00ed.<\/span><\/p>\n<p class=\"p1\"><span class=\"s1\">&#8211; <b>Obmedzenie alebo n\u00e1mietka:<\/b> Po\u017eiada\u0165 o obmedzenie spracovania alebo namieta\u0165 proti ur\u010dit\u00fdm pou\u017eitiam.<\/span><\/p>\n<p class=\"p1\"><span class=\"s1\">&#8211; <b>Prenosnos\u0165 \u00fadajov:<\/b> Z\u00edska\u0165 \u00fadaje v strojovo \u010ditate\u013enom form\u00e1te, ak je to technicky mo\u017en\u00e9.<\/span><\/p>\n<p class=\"p1\"><span class=\"s1\">&#8211; <b>Odvolanie s\u00fahlasu:<\/b> Kedyko\u013evek odvola\u0165 predt\u00fdm udelen\u00fd s\u00fahlas.<\/span><\/p>\n<p class=\"p1\"><span class=\"s1\">Tieto pr\u00e1va m\u00f4\u017eete uplatni\u0165 tak, \u017ee n\u00e1s kontaktujete na adrese&nbsp;<a href=\"mailto:privacy@aurahomeai.com\"><span class=\"s3\"><b>general@aurahomeai.com<\/b><\/span><\/a>. <\/span><\/p>\n<p class=\"p3\"><span class=\"s2\"><b>5. Bezpe\u010dnos\u0165 \u00fadajov<\/b><b><\/b><\/span><\/p>\n<p class=\"p1\"><span class=\"s1\"><b>\u200d<\/b>Pou\u017e\u00edvame primeran\u00e9 technick\u00e9 a organiza\u010dn\u00e9 opatrenia na ochranu osobn\u00fdch \u00fadajov, vr\u00e1tane \u0161ifrovania, bezpe\u010dn\u00e9ho hostingu, kontrol pr\u00edstupu a pravideln\u00fdch rev\u00edzi\u00ed. \u017diadny syst\u00e9m v\u0161ak nie je \u00faplne bezpe\u010dn\u00fd; Slu\u017ebu pou\u017e\u00edvate na vlastn\u00e9 riziko. Ak m\u00e1te podozrenie na neopr\u00e1vnen\u00fd pr\u00edstup alebo naru\u0161enie \u00fadajov, okam\u017eite n\u00e1s kontaktujte na adrese &nbsp;<a href=\"mailto:security@aurahomeai.com\"><span class=\"s3\"><b>security@aurahomeai.com<\/b><\/span><\/a>.<\/span><\/p>\n<p class=\"p3\"><span class=\"s2\"><b>6. Uchov\u00e1vanie \u00fadajov<\/b><b><\/b><\/span><\/p>\n<p class=\"p1\"><span class=\"s1\"><b>\u200d<\/b>Osobn\u00e9 \u00fadaje uchov\u00e1vame len tak dlho, ako je to potrebn\u00e9 na:<\/span><\/p>\n<p class=\"p1\"><span class=\"s1\">&#8211; poskytovanie Slu\u017eby;<\/span><\/p>\n<p class=\"p1\"><span class=\"s1\">&#8211; dodr\u017eiavanie pr\u00e1vnych z\u00e1v\u00e4zkov;<\/span><\/p>\n<p class=\"p1\"><span class=\"s1\">&#8211; rie\u0161enie sporov;<\/span><\/p>\n<p class=\"p1\"><span class=\"s1\">&#8211; presadzovanie doh\u00f4d.<\/span><\/p>\n<p class=\"p1\"><span class=\"s1\">Nahran\u00fd pou\u017e\u00edvate\u013esk\u00fd obsah a vygenerovan\u00e9 v\u00fdstupy sa zvy\u010dajne uchov\u00e1vaj\u00fa 30\u2013180 dn\u00ed (v z\u00e1vislosti od v\u00e1\u0161ho pl\u00e1nu a nastaven\u00ed \u00fa\u010dtu) a na po\u017eiadanie m\u00f4\u017eu by\u0165 vymazan\u00e9 sk\u00f4r.<\/span><\/p>\n<p class=\"p3\"><span class=\"s2\"><b>7. Medzin\u00e1rodn\u00e9 prenosy \u00fadajov<\/b><b><\/b><\/span><\/p>\n<p class=\"p1\"><span class=\"s1\"><b>\u200d<\/b>AuraHomeAI p\u00f4sob\u00ed glob\u00e1lne. Va\u0161e inform\u00e1cie m\u00f4\u017eu by\u0165 ulo\u017een\u00e9 a spracovan\u00e9 v krajin\u00e1ch mimo v\u00e1\u0161ho bydliska, vr\u00e1tane Eur\u00f3pskej \u00fanie, Spojen\u00fdch \u0161t\u00e1tov alebo in\u00fdch regi\u00f3nov s odli\u0161n\u00fdmi \u0161tandardmi ochrany \u00fadajov. Pri medzin\u00e1rodnom prenose \u00fadajov implementujeme z\u00e1ruky, ako s\u00fa \u0161tandardn\u00e9 zmluvn\u00e9 dolo\u017eky E\u00da alebo ekvivalentn\u00e9 r\u00e1mce, aby sme zabezpe\u010dili primeran\u00fa ochranu. <\/span><\/p>\n<p class=\"p3\"><span class=\"s2\"><b>8. Ochrana s\u00fakromia det\u00ed<\/b><b><\/b><\/span><\/p>\n<p class=\"p1\"><span class=\"s1\"><b>\u200d<\/b>Slu\u017eba nie je ur\u010den\u00e1 pre deti mlad\u0161ie ako 16 rokov. Vedome nezhroma\u017e\u010fujeme \u00fadaje od malolet\u00fdch. Ak zist\u00edme, \u017ee osobn\u00e9 \u00fadaje poskytlo die\u0165a, okam\u017eite ich vyma\u017eeme.  <\/span><\/p>\n<p class=\"p3\"><span class=\"s2\"><b>9. S\u00fabory cookie a sledovanie<\/b><b><\/b><\/span><\/p>\n<p class=\"p1\"><span class=\"s1\"><b>\u200d<\/b>Pou\u017e\u00edvame s\u00fabory cookie a podobn\u00e9 n\u00e1stroje na autentifik\u00e1ciu, anal\u00fdzy a personaliz\u00e1ciu. S\u00fabory cookie m\u00f4\u017eete spravova\u0165 alebo zak\u00e1za\u0165 vo svojom prehliada\u010di. Z\u00e1kladn\u00e9 s\u00fabory cookie s\u00fa potrebn\u00e9 pre funk\u010dnos\u0165 Slu\u017eby. Pre viac podrobnost\u00ed si pozrite na\u0161e  &nbsp;<b>Z\u00e1sady pou\u017e\u00edvania s\u00faborov cookie<\/b> (ak s\u00fa relevantn\u00e9).<\/span><\/p>\n<p class=\"p3\"><span class=\"s2\"><b>10. Aktualiz\u00e1cie t\u00fdchto Z\u00e1sad<\/b><b><\/b><\/span><\/p>\n<p class=\"p1\"><span class=\"s1\"><b>\u200d<\/b>Tieto Z\u00e1sady m\u00f4\u017eeme z \u010dasu na \u010das upravi\u0165 tak, aby odr\u00e1\u017eali pr\u00e1vne, technick\u00e9 alebo obchodn\u00e9 zmeny. Zverejn\u00edme revidovan\u00fa verziu s aktualizovan\u00fdm d\u00e1tumom \u201eNaposledy aktualizovan\u00e9\u201c a upozorn\u00edme pou\u017e\u00edvate\u013eov na podstatn\u00e9 zmeny prostredn\u00edctvom e-mailu alebo ozn\u00e1menia v aplik\u00e1cii. Pokra\u010duj\u00face pou\u017e\u00edvanie Slu\u017eby po nadobudnut\u00ed \u00fa\u010dinnosti zmien predstavuje s\u00fahlas.  <\/span><\/p>\n<p class=\"p3\"><span class=\"s2\"><b>11. Kontaktujte n\u00e1s<\/b><b><\/b><\/span><\/p>\n<p class=\"p1\"><span class=\"s1\"><b>Venca, s.r.o.<\/b><b><\/b><\/span><\/p>\n<p class=\"p1\"><span class=\"s1\">Hviezdoslavov, Mu\u0161k\u00e1tov\u00e1 35, Slovensko<\/span><\/p>\n<p class=\"p1\"><span class=\"s1\"><b>I\u010cO:<\/b> 55647677<\/span><\/p>\n<p class=\"p1\"><span class=\"s1\"><b>I\u010c DPH:<\/b> SK2122046487<\/span><\/p>\n<p class=\"p5\"><span class=\"s4\"><b>E-mail: <a href=\"mailto:privacy@aurahomeai.com\"><span class=\"s3\">general@aurahomeai.com<\/span><\/a><\/b><\/span><\/p>\n<p class=\"p6\"><span class=\"s5\"><b>Webov\u00e1 str\u00e1nka:<\/b> <a href=\"https:\/\/www.aurahomeai.com\/\"><span class=\"s3\">www.aurahomeai.com<\/span><\/a><\/span><\/p>\n<p class=\"p1\"><span class=\"s3\"><a href=\"https:\/\/www.aurahomeai.com\/\">\u200d<\/a><\/span><span class=\"s1\">Ak sa nach\u00e1dzate v Eur\u00f3pskej \u00fanii alebo Spojenom kr\u00e1\u013eovstve, m\u00f4\u017eete sa v pr\u00edpade ob\u00e1v t\u00fdkaj\u00facich sa n\u00e1\u0161ho nakladania s va\u0161imi \u00fadajmi obr\u00e1ti\u0165 na miestny \u00farad pre ochranu \u00fadajov.<\/span><\/p>\n<p class=\"p1\"><span class=\"s1\"><b>Dopl\u0148uj\u00face region\u00e1lne inform\u00e1cie Eur\u00f3pska \u00fania \/ EHP:<\/b> Spracovanie osobn\u00fdch \u00fadajov sa zaklad\u00e1 na \u010dl\u00e1nku 6(1) GDPR. S\u0165a\u017enos\u0165 m\u00f4\u017eete poda\u0165 na va\u0161om miestnom dozornom org\u00e1ne. <\/span><\/p>\n<p class=\"p1\"><span class=\"s1\"><b>Spojen\u00e9 \u0161t\u00e1ty:<\/b> Niektor\u00e9 \u0161t\u00e1tne z\u00e1kony o ochrane s\u00fakromia (napr. CCPA, CPRA) ude\u013euj\u00fa obyvate\u013eom pr\u00e1va na pr\u00edstup k \u00fadajom, ich vymazanie alebo odmietnutie zdie\u013eania \u00fadajov.<\/span><\/p>\n<p class=\"p1\"><span class=\"s1\"><b>Kanada:<\/b> Dodr\u017eiavame z\u00e1kon o ochrane osobn\u00fdch \u00fadajov a elektronick\u00fdch dokumentoch (PIPEDA).<\/span><\/p>\n<p class=\"p1\"><span class=\"s1\"><b>Austr\u00e1lia \/ Nov\u00fd Z\u00e9land:<\/b> S va\u0161imi \u00fadajmi sa naklad\u00e1 pod\u013ea z\u00e1konov o ochrane s\u00fakromia va\u0161ej pr\u00edslu\u0161nej jurisdikcie.<\/span><\/p>\n<p class=\"p1\"><span class=\"s1\">T\u00e1to Politika ochrany osobn\u00fdch \u00fadajov plat\u00ed celosvetovo a je navrhnut\u00e1 tak, aby bola v s\u00falade s GDPR E\u00da, GDPR Spojen\u00e9ho kr\u00e1\u013eovstva a in\u00fdmi glob\u00e1lnymi r\u00e1mcami ochrany s\u00fakromia.<\/span><\/p>\n<p><\/p>\t\t\t\t\t\t\t\t<\/div>\n\t\t\t\t\t<\/div>\n\t\t\t\t<\/div>\n\t\t\t\t<\/div>\n\t\t","protected":false},"excerpt":{"rendered":"<p>Naposledy aktualizovan\u00e9: 28. novembra 2025 Venca, s.r.o., poskytovate\u013e produktu&nbsp;AuraHomeAI (\u201eAuraHomeAI\u201c, \u201emy\u201c, \u201en\u00e1s\u201c alebo \u201ena\u0161e\u201c) sa zav\u00e4zuje [&hellip;]<\/p>\n","protected":false},"author":1,"featured_media":0,"parent":0,"menu_order":0,"comment_status":"closed","ping_status":"open","template":"","meta":{"footnotes":""},"class_list":["post-9035","page","type-page","status-publish","hentry"],"_links":{"self":[{"href":"https:\/\/aurahomeai.com\/sk\/wp-json\/wp\/v2\/pages\/9035","targetHints":{"allow":["GET"]}}],"collection":[{"href":"https:\/\/aurahomeai.com\/sk\/wp-json\/wp\/v2\/pages"}],"about":[{"href":"https:\/\/aurahomeai.com\/sk\/wp-json\/wp\/v2\/types\/page"}],"author":[{"embeddable":true,"href":"https:\/\/aurahomeai.com\/sk\/wp-json\/wp\/v2\/users\/1"}],"replies":[{"embeddable":true,"href":"https:\/\/aurahomeai.com\/sk\/wp-json\/wp\/v2\/comments?post=9035"}],"version-history":[{"count":3,"href":"https:\/\/aurahomeai.com\/sk\/wp-json\/wp\/v2\/pages\/9035\/revisions"}],"predecessor-version":[{"id":9039,"href":"https:\/\/aurahomeai.com\/sk\/wp-json\/wp\/v2\/pages\/9035\/revisions\/9039"}],"wp:attachment":[{"href":"https:\/\/aurahomeai.com\/sk\/wp-json\/wp\/v2\/media?parent=9035"}],"curies":[{"name":"wp","href":"https:\/\/api.w.org\/{rel}","templated":true}]}}