{"id":9121,"date":"2025-11-26T14:36:32","date_gmt":"2025-11-26T14:36:32","guid":{"rendered":"https:\/\/aurahomeai.com\/polityka-prywatnosci\/"},"modified":"2025-12-09T15:29:17","modified_gmt":"2025-12-09T15:29:17","slug":"polityka-prywatnosci","status":"publish","type":"page","link":"https:\/\/aurahomeai.com\/pl\/polityka-prywatnosci\/","title":{"rendered":"Polityka prywatno\u015bci"},"content":{"rendered":"\t\t<div data-elementor-type=\"wp-page\" data-elementor-id=\"9121\" class=\"elementor elementor-9121 elementor-3\" data-elementor-post-type=\"page\">\n\t\t\t\t<div class=\"elementor-element elementor-element-6280da77 e-flex e-con-boxed e-con e-parent\" data-id=\"6280da77\" data-element_type=\"container\" data-e-type=\"container\">\n\t\t\t\t\t<div class=\"e-con-inner\">\n\t\t\t\t<div class=\"elementor-element elementor-element-266b2312 elementor-widget elementor-widget-text-editor\" data-id=\"266b2312\" data-element_type=\"widget\" data-e-type=\"widget\" data-widget_type=\"text-editor.default\">\n\t\t\t\t\t\t\t\t\t<p><\/p>\n<p class=\"p1\"><span class=\"s1\"><b>Ostatnia aktualizacja:<\/b> 28 listopada 2025 r.<\/span><\/p>\n<p class=\"p1\"><span class=\"s1\">Venca, s.r.o., dostawca produkt\u00f3w&nbsp;<b>AuraHomeAI<\/b> (&#8222;<b>AuraHomeAI<\/b>&#8222;, &#8222;<b>my<\/b>&#8222;, &#8222;<b>nas<\/b>&#8221; lub &#8222;<b>nasz<\/b>&#8222;) zobowi\u0105zuje si\u0119 do ochrony Twojej prywatno\u015bci i przejrzystego przetwarzania danych osobowych. Niniejsza Polityka prywatno\u015bci (&#8222;<g id=\"gid_6\">Polityka<\/g>&#8222;) opisuje, jakie dane gromadzimy, w jaki spos\u00f3b je wykorzystujemy, jakie prawa przys\u0142uguj\u0105 u\u017cytkownikom i w jaki spos\u00f3b mo\u017cna si\u0119 z nami skontaktowa\u0107. Korzystaj\u0105c z naszej strony internetowej, aplikacji internetowych lub us\u0142ug (zwanych \u0142\u0105cznie &#8222;<g id=\"gid_7\">Us\u0142ug\u0105<\/g>&#8222;), u\u017cytkownik wyra\u017ca zgod\u0119 na praktyki opisane w niniejszej Polityce. Je\u015bli nie wyra\u017casz zgody, prosimy o zaprzestanie korzystania z Us\u0142ugi.  <\/span><\/p>\n<p class=\"p1\"><span class=\"s1\">\u200d<\/span><\/p>\n<p class=\"p3\"><span class=\"s2\"><b>1. Informacje, kt\u00f3re zbieramy<\/b><b><\/b><\/span><\/p>\n<p class=\"p1\"><span class=\"s1\"><b>1.1 Informacje przekazywane nam przez u\u017cytkownikaZbieramy<\/b>informacje, kt\u00f3re u\u017cytkownik dobrowolnie przekazuje, w tym:<\/span><\/p>\n<p class=\"p1\"><span class=\"s1\">&#8211; <b>Informacje o koncie:<\/b> Imi\u0119 i nazwisko, adres e-mail, nazwa firmy i has\u0142o podczas tworzenia konta.<\/span><\/p>\n<p class=\"p1\"><span class=\"s1\">&#8211; <b>Informacje rozliczeniowe:<\/b> Szczeg\u00f3\u0142y p\u0142atno\u015bci i adres rozliczeniowy przy zakupie planu lub wystawianiu kredyt\u00f3w.<\/span><\/p>\n<p class=\"p1\"><span class=\"s1\">&#8211; <b>Przes\u0142ana zawarto\u015b\u0107:<\/b> Zdj\u0119cia, plany pi\u0119ter, wprowadzony tekst i inne materia\u0142y (&#8222;Tre\u015bci u\u017cytkownika&#8221;), kt\u00f3re u\u017cytkownik przesy\u0142a w celu przetwarzania przez AI.<\/span><\/p>\n<p class=\"p1\"><span class=\"s1\">&#8211; <b>Komunikacja:<\/b> Wiadomo\u015bci wysy\u0142ane do nas za po\u015brednictwem poczty elektronicznej, czatu lub zg\u0142osze\u0144 do pomocy technicznej.<\/span><\/p>\n<p class=\"p1\"><span class=\"s1\">\u200d1<b>.2 Informacje gromadzone automatycznieKiedy<\/b>u\u017cytkownik uzyskuje dost\u0119p do Us\u0142ugi lub z niej korzysta, mo\u017cemy automatycznie gromadzi\u0107:<\/span><\/p>\n<p class=\"p1\"><span class=\"s1\">&#8211; <b>Informacje o urz\u0105dzeniu:<\/b> Adres IP, typ przegl\u0105darki, system operacyjny, model urz\u0105dzenia i preferencje j\u0119zykowe.<\/span><\/p>\n<p class=\"p1\"><span class=\"s1\">&#8211; <b>Dane dotycz\u0105ce u\u017cytkowania:<\/b> Daty, godziny i interakcje z Us\u0142ug\u0105, w tym klikni\u0119cia, u\u017cywane funkcje i sp\u0119dzony czas.<\/span><\/p>\n<p class=\"p1\"><span class=\"s1\">&#8211;&nbsp;<b>Pliki cookie i technologie \u015bledzenia:<\/b> Dane gromadzone za pomoc\u0105 plik\u00f3w cookie, pikseli i narz\u0119dzi analitycznych w celu poprawy wydajno\u015bci i do\u015bwiadczenia u\u017cytkownika. Preferencje dotycz\u0105ce plik\u00f3w cookie mo\u017cna dostosowa\u0107 w ustawieniach przegl\u0105darki. <\/span><\/p>\n<p class=\"p1\"><span class=\"s1\">\u200d1<b>.3 Informacje od os\u00f3b trzecich Mo\u017cemy<\/b>otrzymywa\u0107 ograniczone informacje o u\u017cytkowniku od:<\/span><\/p>\n<p class=\"p1\"><span class=\"s1\">&#8211; <b>Procesory p\u0142atno\u015bci:<\/b> Szczeg\u00f3\u0142y transakcji potwierdzaj\u0105ce udane p\u0142atno\u015bci.<\/span><\/p>\n<p class=\"p1\"><span class=\"s1\">&#8211; <b>Zewn\u0119trzni dostawcy us\u0142ug logowania:<\/b> W przypadku logowania przy u\u017cyciu us\u0142ug Google, Apple lub podobnych.<\/span><\/p>\n<p class=\"p1\"><span class=\"s1\">&#8211; <b>Partnerzy analityczni lub marketingowi:<\/b> Zagregowane, niepozwalaj\u0105ce na identyfikacj\u0119 statystyki dotycz\u0105ce korzystania z Us\u0142ugi.<\/span><\/p>\n<p class=\"p1\"><span class=\"s1\">\u200d1<b>.4 Dane zagregowane i pozbawione mo\u017cliwo\u015bci identyfikacjiMo\u017cemy<\/b>gromadzi\u0107 lub generowa\u0107 zanonimizowane dane, kt\u00f3re nie umo\u017cliwiaj\u0105 identyfikacji u\u017cytkownika. U\u017cywamy takich danych do bada\u0144, analiz i ulepszania us\u0142ug. <\/span><\/p>\n<p class=\"p3\"><span class=\"s2\"><b>2. Jak wykorzystujemy informacje o u\u017cytkowniku<\/b><b><\/b><\/span><\/p>\n<p class=\"p1\"><span class=\"s1\"><b>\u200d<\/b>Wykorzystujemy dane osobowe do uzasadnionych cel\u00f3w biznesowych, w tym:<\/span><\/p>\n<p class=\"p1\"><span class=\"s1\">&#8211; <b>Dzia\u0142anie us\u0142ugi:<\/b> Tworzenie kont i zarz\u0105dzanie nimi, przetwarzanie transakcji i dostarczanie \u017c\u0105danych wynik\u00f3w.<\/span><\/p>\n<p class=\"p1\"><span class=\"s1\">&#8211; <b>Ulepszenia:<\/b> Zrozumienie trend\u00f3w u\u017cytkowania, rozwi\u0105zywanie problem\u00f3w oraz poprawa wydajno\u015bci i funkcji us\u0142ugi.<\/span><\/p>\n<p class=\"p1\"><span class=\"s1\">&#8211; <b>Komunikacja:<\/b> Wysy\u0142anie odpowiedzi dotycz\u0105cych pomocy technicznej, aktualizacji konta i odpowiednich powiadomie\u0144 o us\u0142ugach.<\/span><\/p>\n<p class=\"p1\"><span class=\"s1\">&#8211; <b>Marketing:<\/b> W celu wysy\u0142ania ofert, aktualizacji i informacji o produktach, wy\u0142\u0105cznie je\u015bli u\u017cytkownik wyrazi\u0142 na to zgod\u0119 lub gdy jest to dozwolone przez prawo.<\/span><\/p>\n<p class=\"p1\"><span class=\"s1\">&#8211; <b>Bezpiecze\u0144stwo i zgodno\u015b\u0107 z przepisami:<\/b> Wykrywanie oszustw, zapobieganie nadu\u017cyciom, egzekwowanie Warunk\u00f3w u\u017cytkowania i przestrzeganie zobowi\u0105za\u0144 prawnych.<\/span><\/p>\n<p class=\"p1\"><span class=\"s1\">&#8211; <b>Wydajno\u015b\u0107 modelu AI:<\/b> W celu analizy zanonimizowanych danych u\u017cytkowania i poprawy dok\u0142adno\u015bci przetwarzania. <b>Nie<\/b> sprzedajemy danych osobowych u\u017cytkownik\u00f3w.<\/span><\/p>\n<p class=\"p1\"><span class=\"s1\"><b>3. W jaki spos\u00f3b udost\u0119pniamy informacje<\/b>Udost\u0119pniamy informacje tylko wtedy, gdy jest to konieczne i w spos\u00f3b opisany poni\u017cej:<\/span><\/p>\n<p class=\"p1\"><span class=\"s1\">\u200d3<b>.1 Z us\u0142ugodawcami Korzystamy<\/b>z us\u0142ug zaufanych stron trzecich, kt\u00f3re zapewniaj\u0105 hosting, infrastruktur\u0119 chmury, analityk\u0119, przetwarzanie p\u0142atno\u015bci (np. Stripe) i obs\u0142ug\u0119 klienta. S\u0105 one zobowi\u0105zane umow\u0105 do wykorzystywania danych u\u017cytkownika wy\u0142\u0105cznie zgodnie z instrukcjami AuraHomeAI. <\/span><\/p>\n<p class=\"p1\"><span class=\"s1\">\u200d3<b>.2 Wymogi prawne Mo\u017cemy<\/b>ujawnia\u0107 informacje organom \u015bcigania lub organom rz\u0105dowym, je\u015bli jest to wymagane przez prawo lub w celu ochrony naszych praw i zapobiegania oszustwom.<\/span><\/p>\n<p class=\"p1\"><span class=\"s1\">\u200d3<b>.3 Przeniesienie dzia\u0142alno\u015bciJe\u015bli<\/b>AuraHomeAI zostanie poddana fuzji, przej\u0119ciu lub sprzeda\u017cy aktyw\u00f3w, dane u\u017cytkownika mog\u0105 zosta\u0107 przekazane w ramach takiej transakcji. U\u017cytkownik zostanie powiadomiony o zmianie w\u0142asno\u015bci lub kontroli nad jego danymi osobowymi. <\/span><\/p>\n<p class=\"p1\"><span class=\"s1\">\u200d3<b>.4 Za zgod\u0105 u\u017cytkownikaMo\u017cemy<\/b>udost\u0119pnia\u0107 dane partnerom lub podmiotom stowarzyszonym, je\u015bli u\u017cytkownik wyra\u017anie wyrazi na to zgod\u0119 (np. podczas integracji aplikacji innych firm).<\/span><\/p>\n<p class=\"p3\"><span class=\"s2\"><b>4. Prawa u\u017cytkownika<\/b><b><\/b><\/span><\/p>\n<p class=\"p1\"><span class=\"s1\"><b>\u200d<\/b>W zale\u017cno\u015bci od kraju lub regionu u\u017cytkownikowi mog\u0105 przys\u0142ugiwa\u0107 nast\u0119puj\u0105ce prawa:<\/span><\/p>\n<p class=\"p1\"><span class=\"s1\">&#8211; <b>Dost\u0119p:<\/b> \u017b\u0105danie potwierdzenia, czy przetwarzamy dane u\u017cytkownika i otrzymania ich kopii.<\/span><\/p>\n<p class=\"p1\"><span class=\"s1\">&#8211; <b>Korekta:<\/b> \u017b\u0105danie korekty niedok\u0142adnych lub niekompletnych danych.<\/span><\/p>\n<p class=\"p1\"><span class=\"s1\">&#8211; <b>Usuni\u0119cie:<\/b> \u017b\u0105danie usuni\u0119cia swoich danych, z zastrze\u017ceniem ogranicze\u0144 prawnych i operacyjnych.<\/span><\/p>\n<p class=\"p1\"><span class=\"s1\">&#8211; <b>Ograniczenie lub sprzeciw:<\/b> \u017b\u0105danie ograniczenia przetwarzania lub sprzeciwu wobec okre\u015blonych zastosowa\u0144.<\/span><\/p>\n<p class=\"p1\"><span class=\"s1\">&#8211; <b>Mo\u017cliwo\u015b\u0107 przenoszenia danych:<\/b> Otrzymywanie danych w formacie nadaj\u0105cym si\u0119 do odczytu maszynowego, o ile jest to technicznie wykonalne.<\/span><\/p>\n<p class=\"p1\"><span class=\"s1\">&#8211; <b>Wycofanie zgody:<\/b> Wycofanie wcze\u015bniej udzielonej zgody w dowolnym momencie.<\/span><\/p>\n<p class=\"p1\"><span class=\"s1\">U\u017cytkownik mo\u017ce skorzysta\u0107 z tych praw, kontaktuj\u0105c si\u0119 z nami pod adresem&nbsp;<a href=\"mailto:privacy@aurahomeai.com\"><span class=\"s3\"><b>general@aurahomeai.com<\/b><\/span><\/a>. Przed udzieleniem odpowiedzi mo\u017cemy zweryfikowa\u0107 to\u017csamo\u015b\u0107 u\u017cytkownika. <\/span><\/p>\n<p class=\"p3\"><span class=\"s2\"><b>5. Bezpiecze\u0144stwo danych<\/b><b><\/b><\/span><\/p>\n<p class=\"p1\"><span class=\"s1\"><b>Stosujemy<\/b>odpowiednie \u015brodki techniczne i organizacyjne w celu ochrony danych osobowych, w tym szyfrowanie, bezpieczny hosting, kontrol\u0119 dost\u0119pu i okresowe przegl\u0105dy. Jednak \u017caden system nie jest ca\u0142kowicie bezpieczny; u\u017cytkownik korzysta z Us\u0142ugi na w\u0142asne ryzyko. W przypadku podejrzenia nieautoryzowanego dost\u0119pu lub naruszenia danych, prosimy o niezw\u0142oczny kontakt pod adresem &nbsp;<a href=\"mailto:security@aurahomeai.com\"><span class=\"s3\"><b>security@aurahomeai.com<\/b><\/span><\/a>.<\/span><\/p>\n<p class=\"p3\"><span class=\"s2\"><b>6. Przechowywanie danych<\/b><b><\/b><\/span><\/p>\n<p class=\"p1\"><span class=\"s1\"><b>\u200dPrzechowujemy<\/b>dane osobowe tylko tak d\u0142ugo, jak jest to konieczne do:<\/span><\/p>\n<p class=\"p1\"><span class=\"s1\">&#8211; \u015bwiadczy\u0107 Us\u0142ug\u0119;<\/span><\/p>\n<p class=\"p1\"><span class=\"s1\">&#8211; przestrzega\u0107 zobowi\u0105za\u0144 prawnych;<\/span><\/p>\n<p class=\"p1\"><span class=\"s1\">&#8211; rozstrzyganie spor\u00f3w;<\/span><\/p>\n<p class=\"p1\"><span class=\"s1\">&#8211; egzekwowa\u0107 umowy.<\/span><\/p>\n<p class=\"p1\"><span class=\"s1\">Przes\u0142ana zawarto\u015b\u0107 u\u017cytkownika i wygenerowane dane wyj\u015bciowe s\u0105 zazwyczaj przechowywane przez 30-180 dni (w zale\u017cno\u015bci od planu i ustawie\u0144 konta) i mog\u0105 zosta\u0107 usuni\u0119te wcze\u015bniej na \u017c\u0105danie.<\/span><\/p>\n<p class=\"p3\"><span class=\"s2\"><b>7. Mi\u0119dzynarodowe transfery danych<\/b><b><\/b><\/span><\/p>\n<p class=\"p1\"><span class=\"s1\"><b>AuraHomeAI<\/b>dzia\u0142a na ca\u0142ym \u015bwiecie. Dane u\u017cytkownika mog\u0105 by\u0107 przechowywane i przetwarzane w krajach poza jego miejscem zamieszkania, w tym w Unii Europejskiej, Stanach Zjednoczonych lub innych regionach o r\u00f3\u017cnych standardach ochrony danych. Podczas mi\u0119dzynarodowego przesy\u0142ania danych wdra\u017camy zabezpieczenia, takie jak standardowe klauzule umowne UE lub r\u00f3wnowa\u017cne ramy w celu zapewnienia odpowiedniej ochrony. <\/span><\/p>\n<p class=\"p3\"><span class=\"s2\"><b>8. Prywatno\u015b\u0107 dzieci<\/b><b><\/b><\/span><\/p>\n<p class=\"p1\"><span class=\"s1\"><b>\u200d<\/b>Us\u0142uga nie jest przeznaczona dla dzieci poni\u017cej 16 roku \u017cycia. Nie zbieramy \u015bwiadomie danych od os\u00f3b niepe\u0142noletnich. Je\u015bli dowiemy si\u0119, \u017ce dane osobowe zosta\u0142y przekazane przez dziecko, niezw\u0142ocznie je usuniemy.  <\/span><\/p>\n<p class=\"p3\"><span class=\"s2\"><b>9. Pliki cookie i \u015bledzenie<\/b><b><\/b><\/span><\/p>\n<p class=\"p1\"><span class=\"s1\"><b>\u200d<\/b>U\u017cywamy plik\u00f3w cookie i podobnych narz\u0119dzi do uwierzytelniania, analizy i personalizacji. Mo\u017cesz zarz\u0105dza\u0107 lub wy\u0142\u0105czy\u0107 pliki cookie w swojej przegl\u0105darce. Niezb\u0119dne pliki cookie s\u0105 wymagane do dzia\u0142ania Us\u0142ugi.  &nbsp;<b>Polityka plik\u00f3w cookie<\/b> (je\u015bli dotyczy).<\/span><\/p>\n<p class=\"p3\"><span class=\"s2\"><b>10. Aktualizacje niniejszej Polityki<\/b><b><\/b><\/span><\/p>\n<p class=\"p1\"><span class=\"s1\"><b>\u200d<\/b>Od czasu do czasu mo\u017cemy modyfikowa\u0107 niniejsz\u0105 Polityk\u0119 w celu odzwierciedlenia zmian prawnych, technicznych lub biznesowych. Opublikujemy zmienion\u0105 wersj\u0119 ze zaktualizowan\u0105 dat\u0105 &#8222;Ostatnia aktualizacja&#8221; i powiadomimy u\u017cytkownik\u00f3w o istotnych zmianach za po\u015brednictwem wiadomo\u015bci e-mail lub powiadomienia w aplikacji. Dalsze korzystanie z Us\u0142ugi po wej\u015bciu zmian w \u017cycie oznacza ich akceptacj\u0119.  <\/span><\/p>\n<p class=\"p3\"><span class=\"s2\"><b>11. Kontakt<\/b><b><\/b><\/span><\/p>\n<p class=\"p1\"><span class=\"s1\"><b>Venca, s.r.o.<\/b><b><\/b><\/span><\/p>\n<p class=\"p1\"><span class=\"s1\">Hviezdoslavov, Mu\u0161k\u00e1tov\u00e1 35, S\u0142owacja<\/span><\/p>\n<p class=\"p1\"><span class=\"s1\"><b>I\u010cO:<\/b> 55647677<\/span><\/p>\n<p class=\"p1\"><span class=\"s1\"><b>I\u010c DPH:<\/b> SK2122046487<\/span><\/p>\n<p class=\"p5\"><span class=\"s4\"><b>Email: <a href=\"mailto:privacy@aurahomeai.com\"><span class=\"s3\">general@aurahomeai.com<\/span><\/a><\/b><\/span><\/p>\n<p class=\"p6\"><span class=\"s5\"><b>Strona internetowa:<\/b> <a href=\"https:\/\/www.aurahomeai.com\/\"><span class=\"s3\">www.aurahomeai.com<\/span><\/a><\/span><\/p>\n<p class=\"p1\"><span class=\"s3\"><a href=\"https:\/\/www.aurahomeai.com\/\">\u200d<\/a><\/span><span class=\"s1\">Je\u015bli u\u017cytkownik znajduje si\u0119 w Unii Europejskiej lub Wielkiej Brytanii, mo\u017ce skontaktowa\u0107 si\u0119 z lokalnym organem ochrony danych w celu uzyskania informacji na temat przetwarzania przez nas jego danych.<\/span><\/p>\n<p class=\"p1\"><span class=\"s1\"><b>Uzupe\u0142niaj\u0105ce informacje regionalneUnia Europejska \/ EOG:<\/b> Przetwarzanie danych osobowych odbywa si\u0119 na podstawie art. 6(1) RODO. U\u017cytkownik mo\u017ce z\u0142o\u017cy\u0107 skarg\u0119 do lokalnego organu nadzorczego. <\/span><\/p>\n<p class=\"p1\"><span class=\"s1\"><b>Stany Zjednoczone:<\/b> Niekt\u00f3re stanowe przepisy dotycz\u0105ce prywatno\u015bci (np. CCPA, CPRA) przyznaj\u0105 mieszka\u0144com prawa do dost\u0119pu, usuni\u0119cia lub rezygnacji z udost\u0119pniania danych.<\/span><\/p>\n<p class=\"p1\"><span class=\"s1\"><b>Kanada:<\/b> Przestrzegamy ustawy o ochronie danych osobowych i dokument\u00f3w elektronicznych (PIPEDA).<\/span><\/p>\n<p class=\"p1\"><span class=\"s1\"><b>Australia \/ Nowa Zelandia:<\/b> Dane u\u017cytkownika s\u0105 przetwarzane zgodnie z ustawami o ochronie prywatno\u015bci obowi\u0105zuj\u0105cymi w danej jurysdykcji.<\/span><\/p>\n<p class=\"p1\"><span class=\"s1\">Niniejsza Polityka prywatno\u015bci ma zastosowanie na ca\u0142ym \u015bwiecie i zosta\u0142a opracowana w celu zapewnienia zgodno\u015bci z RODO UE, RODO Wielkiej Brytanii i innymi globalnymi ramami prywatno\u015bci.<\/span><\/p>\n<p><\/p>\t\t\t\t\t\t\t\t<\/div>\n\t\t\t\t\t<\/div>\n\t\t\t\t<\/div>\n\t\t\t\t<\/div>\n\t\t","protected":false},"excerpt":{"rendered":"<p>Ostatnia aktualizacja: 28 listopada 2025 r. Venca, s.r.o., dostawca produkt\u00f3w&nbsp;AuraHomeAI (&#8222;AuraHomeAI&#8222;, &#8222;my&#8222;, &#8222;nas&#8221; lub &#8222;nasz&#8222;) zobowi\u0105zuje [&hellip;]<\/p>\n","protected":false},"author":1,"featured_media":0,"parent":0,"menu_order":0,"comment_status":"closed","ping_status":"open","template":"","meta":{"footnotes":""},"class_list":["post-9121","page","type-page","status-publish","hentry"],"_links":{"self":[{"href":"https:\/\/aurahomeai.com\/pl\/wp-json\/wp\/v2\/pages\/9121","targetHints":{"allow":["GET"]}}],"collection":[{"href":"https:\/\/aurahomeai.com\/pl\/wp-json\/wp\/v2\/pages"}],"about":[{"href":"https:\/\/aurahomeai.com\/pl\/wp-json\/wp\/v2\/types\/page"}],"author":[{"embeddable":true,"href":"https:\/\/aurahomeai.com\/pl\/wp-json\/wp\/v2\/users\/1"}],"replies":[{"embeddable":true,"href":"https:\/\/aurahomeai.com\/pl\/wp-json\/wp\/v2\/comments?post=9121"}],"version-history":[{"count":7,"href":"https:\/\/aurahomeai.com\/pl\/wp-json\/wp\/v2\/pages\/9121\/revisions"}],"predecessor-version":[{"id":9143,"href":"https:\/\/aurahomeai.com\/pl\/wp-json\/wp\/v2\/pages\/9121\/revisions\/9143"}],"wp:attachment":[{"href":"https:\/\/aurahomeai.com\/pl\/wp-json\/wp\/v2\/media?parent=9121"}],"curies":[{"name":"wp","href":"https:\/\/api.w.org\/{rel}","templated":true}]}}