{"id":9137,"date":"2025-11-26T14:36:32","date_gmt":"2025-11-26T14:36:32","guid":{"rendered":"https:\/\/aurahomeai.com\/privacybeleid\/"},"modified":"2025-12-09T15:29:17","modified_gmt":"2025-12-09T15:29:17","slug":"privacybeleid","status":"publish","type":"page","link":"https:\/\/aurahomeai.com\/nl\/privacybeleid\/","title":{"rendered":"Privacybeleid"},"content":{"rendered":"\t\t<div data-elementor-type=\"wp-page\" data-elementor-id=\"9137\" class=\"elementor elementor-9137 elementor-3\" data-elementor-post-type=\"page\">\n\t\t\t\t<div class=\"elementor-element elementor-element-6280da77 e-flex e-con-boxed e-con e-parent\" data-id=\"6280da77\" data-element_type=\"container\" data-e-type=\"container\">\n\t\t\t\t\t<div class=\"e-con-inner\">\n\t\t\t\t<div class=\"elementor-element elementor-element-266b2312 elementor-widget elementor-widget-text-editor\" data-id=\"266b2312\" data-element_type=\"widget\" data-e-type=\"widget\" data-widget_type=\"text-editor.default\">\n\t\t\t\t\t\t\t\t\t<p><\/p>\n<p class=\"p1\"><span class=\"s1\"><b>Laatst bijgewerkt:<\/b> 28 november 2025<\/span><\/p>\n<p class=\"p1\"><span class=\"s1\">Venca, s.r.o., leverancier van producten&nbsp;<b>AuraHomeAI<\/b> (&#8220;<b>AuraHomeAI<\/b>,&#8221; &#8220;<b>wij<\/b>,&#8221; &#8220;<b>ons<\/b>,&#8221; of &#8220;<b>onze<\/b>&#8220;), zet zich in om uw privacy te beschermen en transparant om te gaan met persoonlijke gegevens. Dit Privacybeleid (het &#8220;<b>Beleid<\/b>&#8220;) beschrijft welke gegevens we verzamelen, hoe we deze gebruiken, uw rechten en hoe u contact met ons kunt opnemen.Door gebruik te maken van onze website, webtoepassingen of diensten (gezamenlijk de &#8220;<b>Dienst<\/b>&#8220;), gaat u akkoord met de praktijken die in dit Beleid worden beschreven. Als u niet akkoord gaat, verzoeken wij u de Service niet langer te gebruiken.  <\/span><\/p>\n<p class=\"p1\"><span class=\"s1\">\u200d<\/span><\/p>\n<p class=\"p3\"><span class=\"s2\"><b>1. Informatie die we verzamelen<\/b><b><\/b><\/span><\/p>\n<p class=\"p1\"><span class=\"s1\"><b>1.1 Informatie die u aan ons verstrektWij<\/b>verzamelen informatie die u vrijwillig verstrekt, waaronder:<\/span><\/p>\n<p class=\"p1\"><span class=\"s1\">&#8211; <b>Accountgegevens:<\/b> Naam, e-mailadres, bedrijfsnaam en wachtwoord wanneer u een account aanmaakt.<\/span><\/p>\n<p class=\"p1\"><span class=\"s1\">&#8211; <b>Factureringsgegevens:<\/b> Betalingsgegevens en factuuradres bij de aankoop van een plan of het opnemen van credits.<\/span><\/p>\n<p class=\"p1\"><span class=\"s1\">&#8211; <b>Ge\u00fcploade inhoud:<\/b> Foto&#8217;s, plattegronden, tekstinvoer en andere materialen (&#8220;Gebruikersinhoud&#8221;) die u uploadt voor AI-verwerking.<\/span><\/p>\n<p class=\"p1\"><span class=\"s1\">&#8211; <b>Communicatie:<\/b> Berichten die u naar ons stuurt via e-mail, chat of ondersteuningsverzoeken.<\/span><\/p>\n<p class=\"p1\"><span class=\"s1\">\u200d1<b>.2 Informatie die wij automatisch verzamelenWanneer<\/b>u toegang heeft tot de Dienst of deze gebruikt, kunnen wij automatisch informatie verzamelen:<\/span><\/p>\n<p class=\"p1\"><span class=\"s1\">&#8211; <b>Apparaatinformatie:<\/b> IP-adres, browsertype, besturingssysteem, apparaatmodel en taalvoorkeuren.<\/span><\/p>\n<p class=\"p1\"><span class=\"s1\">&#8211; <b>Gebruiksgegevens:<\/b> Data, tijden en interacties met de Service, inclusief klikken, gebruikte functies en bestede tijd.<\/span><\/p>\n<p class=\"p1\"><span class=\"s1\">&#8211;&nbsp;<b>Cookies en traceringstechnologie\u00ebn:<\/b> Gegevens verzameld via cookies, pixels en analysetools om de prestaties en gebruikerservaring te verbeteren. U kunt uw cookievoorkeuren aanpassen in uw browserinstellingen. <\/span><\/p>\n<p class=\"p1\"><span class=\"s1\">\u200d1<b>.3 Informatie van derdenWij<\/b>kunnen beperkte informatie over u ontvangen van:<\/span><\/p>\n<p class=\"p1\"><span class=\"s1\">&#8211; <b>Betalingsverwerkers:<\/b> Transactiegegevens die succesvolle betalingen bevestigen.<\/span><\/p>\n<p class=\"p1\"><span class=\"s1\">&#8211; <b>Aanmeldingsproviders van derden:<\/b> Als u zich aanmeldt met Google, Apple of vergelijkbare diensten.<\/span><\/p>\n<p class=\"p1\"><span class=\"s1\">&#8211; <b>Analytics- of marketingpartners:<\/b> Geaggregeerde, niet-identificeerbare statistieken over het gebruik van de Service.<\/span><\/p>\n<p class=\"p1\"><span class=\"s1\"><b>Wij<\/b>kunnen geanonimiseerde gegevens verzamelen of genereren waarmee uw identiteit niet kan worden achterhaald. We gebruiken dergelijke gegevens voor onderzoek, analyse en serviceverbetering. <\/span><\/p>\n<p class=\"p3\"><span class=\"s2\"><b>2. Hoe wij uw informatie gebruiken<\/b><b><\/b><\/span><\/p>\n<p class=\"p1\"><span class=\"s1\"><b>Wij<\/b>gebruiken persoonsgegevens voor legitieme zakelijke doeleinden, waaronder:<\/span><\/p>\n<p class=\"p1\"><span class=\"s1\">&#8211; <b>Serviceverrichting:<\/b> Accounts aanmaken en beheren, transacties verwerken en gevraagde output leveren.<\/span><\/p>\n<p class=\"p1\"><span class=\"s1\">&#8211; <b>Verbetering:<\/b> Gebruikstrends begrijpen, problemen oplossen en de prestaties en functies van de service verbeteren.<\/span><\/p>\n<p class=\"p1\"><span class=\"s1\">&#8211; <b>Communicatie:<\/b> Om supportreacties, accountupdates en relevante servicemeldingen te verzenden.<\/span><\/p>\n<p class=\"p1\"><span class=\"s1\">&#8211; <b>Marketing:<\/b> Voor het verzenden van aanbiedingen, updates en productinformatie, alleen als u hiervoor hebt gekozen of als dit wettelijk is toegestaan.<\/span><\/p>\n<p class=\"p1\"><span class=\"s1\">&#8211; <b>Veiligheid en naleving:<\/b> Om fraude op te sporen, misbruik te voorkomen, de gebruiksvoorwaarden af te dwingen en te voldoen aan wettelijke verplichtingen.<\/span><\/p>\n<p class=\"p1\"><span class=\"s1\">&#8211; <b>AI-modelprestaties:<\/b> Om geanonimiseerde gebruiksgegevens te analyseren en de verwerkingsnauwkeurigheid te verbeteren.We verkopen je persoonlijke gegevens <b>niet<\/b>.<\/span><\/p>\n<p class=\"p1\"><span class=\"s1\"><b>3. Hoe wij informatie delenWij<\/b>delen uw informatie alleen wanneer dat nodig is en zoals hieronder beschreven:<\/span><\/p>\n<p class=\"p1\"><span class=\"s1\">\u200d3<b>.1 Met Service ProvidersWij<\/b>maken gebruik van vertrouwde derde partijen die hosting, cloud-infrastructuur, analytics, betalingsverwerking (bijv. Stripe) en klantenondersteuning bieden. Zij zijn contractueel gebonden om uw gegevens alleen te gebruiken zoals ge\u00efnstrueerd door AuraHomeAI. <\/span><\/p>\n<p class=\"p1\"><span class=\"s1\">\u200d3<b>.2 Wettelijke vereistenWij<\/b>kunnen informatie bekendmaken aan ordehandhavers of overheidsinstanties wanneer dit wettelijk vereist is of om onze wettelijke rechten te beschermen en fraude te voorkomen.<\/span><\/p>\n<p class=\"p1\"><span class=\"s1\"><b>Als<\/b>AuraHomeAI een fusie, overname of verkoop van activa ondergaat, kunnen uw gegevens worden overgedragen als onderdeel van die transactie. U zult op de hoogte worden gebracht als het eigendom van of de controle over uw persoonlijke gegevens verandert. <\/span><\/p>\n<p class=\"p1\"><span class=\"s1\">\u200d3<b>.4 Met uw toestemmingWij<\/b>kunnen gegevens delen met partners of filialen als u daar expliciet toestemming voor geeft (bijvoorbeeld bij het integreren van apps van derden).<\/span><\/p>\n<p class=\"p3\"><span class=\"s2\"><b>4. Uw rechten<\/b><b><\/b><\/span><\/p>\n<p class=\"p1\"><span class=\"s1\"><b>Afhankelijk<\/b>van je land of regio heb je mogelijk de volgende rechten:<\/span><\/p>\n<p class=\"p1\"><span class=\"s1\">&#8211; <b>Toegang:<\/b> Bevestiging vragen of wij uw gegevens verwerken en een kopie ontvangen.<\/span><\/p>\n<p class=\"p1\"><span class=\"s1\">&#8211; <b>Correctie:<\/b> Verzoek om correctie van onjuiste of onvolledige gegevens.<\/span><\/p>\n<p class=\"p1\"><span class=\"s1\">&#8211; <b>Verwijdering:<\/b> Verzoek om verwijdering van uw gegevens, binnen wettelijke en operationele grenzen.<\/span><\/p>\n<p class=\"p1\"><span class=\"s1\">&#8211; <b>Beperking of bezwaar:<\/b> Beperking van de verwerking aanvragen of bezwaar maken tegen bepaalde vormen van gebruik.<\/span><\/p>\n<p class=\"p1\"><span class=\"s1\">&#8211; <b>Overdraagbaarheid van gegevens:<\/b> Ontvang gegevens in een machinaal leesbaar formaat waar dat technisch haalbaar is.<\/span><\/p>\n<p class=\"p1\"><span class=\"s1\">&#8211; <b>Toestemming intrekken:<\/b> Eerder gegeven toestemming op elk moment intrekken.<\/span><\/p>\n<p class=\"p1\"><span class=\"s1\">U kunt deze rechten uitoefenen door contact met ons op te nemen via&nbsp;<a href=\"mailto:privacy@aurahomeai.com\"><span class=\"s3\"><b>general@aurahomeai.com<\/b><\/span><\/a>. We kunnen uw identiteit verifi\u00ebren voordat we reageren. <\/span><\/p>\n<p class=\"p3\"><span class=\"s2\"><b>5. Gegevensbeveiliging<\/b><b><\/b><\/span><\/p>\n<p class=\"p1\"><span class=\"s1\"><b>Wij<\/b>gebruiken gepaste technische en organisatorische maatregelen om persoonsgegevens te beschermen, met inbegrip van encryptie, beveiligde hosting, toegangscontroles en periodieke controles. Geen enkel systeem is echter volledig veilig; u gebruikt de service op eigen risico. Als u onbevoegde toegang of een inbreuk op de gegevens vermoedt, neem dan onmiddellijk contact met ons op via &nbsp;<a href=\"mailto:security@aurahomeai.com\"><span class=\"s3\"><b>security@aurahomeai.com<\/b><\/span><\/a>.<\/span><\/p>\n<p class=\"p3\"><span class=\"s2\"><b>6. Bewaren van gegevens<\/b><b><\/b><\/span><\/p>\n<p class=\"p1\"><span class=\"s1\"><b>\u200dWij<\/b>bewaren persoonsgegevens alleen zo lang als nodig is om:<\/span><\/p>\n<p class=\"p1\"><span class=\"s1\">&#8211; de Dienst verlenen;<\/span><\/p>\n<p class=\"p1\"><span class=\"s1\">&#8211; voldoen aan wettelijke verplichtingen;<\/span><\/p>\n<p class=\"p1\"><span class=\"s1\">&#8211; geschillen oplossen;<\/span><\/p>\n<p class=\"p1\"><span class=\"s1\">&#8211; overeenkomsten handhaven.<\/span><\/p>\n<p class=\"p1\"><span class=\"s1\">Ge\u00fcploade gebruikerscontent en gegenereerde outputs worden doorgaans 30-180 dagen opgeslagen (afhankelijk van je plan en accountinstellingen) en kunnen op verzoek eerder worden verwijderd.<\/span><\/p>\n<p class=\"p3\"><span class=\"s2\"><b>7. Internationale gegevensoverdrachten<\/b><b><\/b><\/span><\/p>\n<p class=\"p1\"><span class=\"s1\"><b>AuraHomeAI<\/b>is wereldwijd actief. Uw gegevens kunnen worden opgeslagen en verwerkt in landen buiten uw woonplaats, waaronder binnen de Europese Unie, de Verenigde Staten of andere regio&#8217;s met andere gegevensbeschermingsnormen. Bij de internationale overdracht van gegevens implementeren we waarborgen zoals de Standaard Contractuele Clausules van de EU of gelijkwaardige kaders om adequate bescherming te garanderen. <\/span><\/p>\n<p class=\"p3\"><span class=\"s2\"><b>8. Privacy van kinderen<\/b><b><\/b><\/span><\/p>\n<p class=\"p1\"><span class=\"s1\"><b>De<\/b>dienst is niet bedoeld voor kinderen jonger dan 16 jaar. Wij verzamelen niet bewust gegevens van minderjarigen. Als we ontdekken dat persoonlijke gegevens door een kind zijn verstrekt, zullen we deze onmiddellijk verwijderen.  <\/span><\/p>\n<p class=\"p3\"><span class=\"s2\"><b>9. Cookies en tracering<\/b><b><\/b><\/span><\/p>\n<p class=\"p1\"><span class=\"s1\"><b>Wij<\/b>gebruiken cookies en soortgelijke hulpmiddelen voor verificatie, analyse en personalisatie. U kunt cookies beheren of uitschakelen in uw browser. Essenti\u00eble cookies zijn vereist voor de functionaliteit van de Service. Voor meer informatie, zie onze  &nbsp;<b>Cookiebeleid<\/b> (indien van toepassing).<\/span><\/p>\n<p class=\"p3\"><span class=\"s2\"><b>10. Updates van dit beleid<\/b><b><\/b><\/span><\/p>\n<p class=\"p1\"><span class=\"s1\"><b>Wij<\/b>kunnen dit Beleid van tijd tot tijd wijzigen om juridische, technische of zakelijke wijzigingen te weerspiegelen. Wij zullen de herziene versie publiceren met een bijgewerkte &#8220;Laatst bijgewerkt&#8221; datum en gebruikers op de hoogte stellen van materi\u00eble wijzigingen via e-mail of in-app bericht. Voortdurend gebruik van de Service nadat wijzigingen van kracht zijn geworden, houdt aanvaarding in.  <\/span><\/p>\n<p class=\"p3\"><span class=\"s2\"><b>11. Contact opnemen<\/b><b><\/b><\/span><\/p>\n<p class=\"p1\"><span class=\"s1\"><b>Venca, s.r.o.<\/b><b><\/b><\/span><\/p>\n<p class=\"p1\"><span class=\"s1\">Hviezdoslavov, Mu\u0161k\u00e1tov\u00e1 35, Slowakije<\/span><\/p>\n<p class=\"p1\"><span class=\"s1\"><b>I\u010cO:<\/b> 55647677<\/span><\/p>\n<p class=\"p1\"><span class=\"s1\"><b>I\u010c DPH:<\/b> SK2122046487<\/span><\/p>\n<p class=\"p5\"><span class=\"s4\"><b>E-mail: <a href=\"mailto:privacy@aurahomeai.com\"><span class=\"s3\">general@aurahomeai.com<\/span><\/a><\/b><\/span><\/p>\n<p class=\"p6\"><span class=\"s5\"><b>Website:<\/b> <a href=\"https:\/\/www.aurahomeai.com\/\"><span class=\"s3\">www.aurahomeai.com<\/span><\/a><\/span><\/p>\n<p class=\"p1\"><span class=\"s3\"><a href=\"https:\/\/www.aurahomeai.com\/\">\u200d<\/a><\/span><span class=\"s1\">Als u zich in de Europese Unie of het Verenigd Koninkrijk bevindt, kunt u contact opnemen met uw lokale autoriteit voor gegevensbescherming als u zich zorgen maakt over onze omgang met uw gegevens.<\/span><\/p>\n<p class=\"p1\"><span class=\"s1\"><b>Aanvullende regionale bekendmakingenEuropese Unie\/EER:<\/b> Verwerking van persoonsgegevens is gebaseerd op artikel 6(1) GDPR. U kunt een klacht indienen bij uw lokale toezichthoudende autoriteit. <\/span><\/p>\n<p class=\"p1\"><span class=\"s1\"><b>Verenigde Staten:<\/b> Bepaalde privacywetten in staten (bijv. CCPA, CPRA) geven inwoners het recht op toegang tot, verwijdering van of opt-out voor het delen van gegevens.<\/span><\/p>\n<p class=\"p1\"><span class=\"s1\"><b>Canada:<\/b> We voldoen aan de Personal Information Protection and Electronic Documents Act (PIPEDA).<\/span><\/p>\n<p class=\"p1\"><span class=\"s1\"><b>Australi\u00eb \/ Nieuw-Zeeland:<\/b> Uw gegevens worden behandeld volgens de Privacywetgeving van uw respectieve rechtsgebied.<\/span><\/p>\n<p class=\"p1\"><span class=\"s1\">Dit Privacybeleid is wereldwijd van toepassing en is ontworpen om te voldoen aan de EU GDPR, UK GDPR en andere wereldwijde privacyraamwerken.<\/span><\/p>\n<p><\/p>\t\t\t\t\t\t\t\t<\/div>\n\t\t\t\t\t<\/div>\n\t\t\t\t<\/div>\n\t\t\t\t<\/div>\n\t\t","protected":false},"excerpt":{"rendered":"<p>Laatst bijgewerkt: 28 november 2025 Venca, s.r.o., leverancier van producten&nbsp;AuraHomeAI (&#8220;AuraHomeAI,&#8221; &#8220;wij,&#8221; &#8220;ons,&#8221; of &#8220;onze&#8220;), zet [&hellip;]<\/p>\n","protected":false},"author":1,"featured_media":0,"parent":0,"menu_order":0,"comment_status":"closed","ping_status":"open","template":"","meta":{"footnotes":""},"class_list":["post-9137","page","type-page","status-publish","hentry"],"_links":{"self":[{"href":"https:\/\/aurahomeai.com\/nl\/wp-json\/wp\/v2\/pages\/9137","targetHints":{"allow":["GET"]}}],"collection":[{"href":"https:\/\/aurahomeai.com\/nl\/wp-json\/wp\/v2\/pages"}],"about":[{"href":"https:\/\/aurahomeai.com\/nl\/wp-json\/wp\/v2\/types\/page"}],"author":[{"embeddable":true,"href":"https:\/\/aurahomeai.com\/nl\/wp-json\/wp\/v2\/users\/1"}],"replies":[{"embeddable":true,"href":"https:\/\/aurahomeai.com\/nl\/wp-json\/wp\/v2\/comments?post=9137"}],"version-history":[{"count":3,"href":"https:\/\/aurahomeai.com\/nl\/wp-json\/wp\/v2\/pages\/9137\/revisions"}],"predecessor-version":[{"id":9147,"href":"https:\/\/aurahomeai.com\/nl\/wp-json\/wp\/v2\/pages\/9137\/revisions\/9147"}],"wp:attachment":[{"href":"https:\/\/aurahomeai.com\/nl\/wp-json\/wp\/v2\/media?parent=9137"}],"curies":[{"name":"wp","href":"https:\/\/api.w.org\/{rel}","templated":true}]}}