{"id":9128,"date":"2025-11-26T14:36:32","date_gmt":"2025-11-26T14:36:32","guid":{"rendered":"https:\/\/aurahomeai.com\/adatvedelmi-iranyelvek\/"},"modified":"2025-12-09T15:29:17","modified_gmt":"2025-12-09T15:29:17","slug":"adatvedelmi-iranyelvek","status":"publish","type":"page","link":"https:\/\/aurahomeai.com\/hu\/adatvedelmi-iranyelvek\/","title":{"rendered":"Adatv\u00e9delmi ir\u00e1nyelvek"},"content":{"rendered":"\t\t<div data-elementor-type=\"wp-page\" data-elementor-id=\"9128\" class=\"elementor elementor-9128 elementor-3\" data-elementor-post-type=\"page\">\n\t\t\t\t<div class=\"elementor-element elementor-element-6280da77 e-flex e-con-boxed e-con e-parent\" data-id=\"6280da77\" data-element_type=\"container\" data-e-type=\"container\">\n\t\t\t\t\t<div class=\"e-con-inner\">\n\t\t\t\t<div class=\"elementor-element elementor-element-266b2312 elementor-widget elementor-widget-text-editor\" data-id=\"266b2312\" data-element_type=\"widget\" data-e-type=\"widget\" data-widget_type=\"text-editor.default\">\n\t\t\t\t\t\t\t\t\t<p><\/p>\n<p class=\"p1\"><span class=\"s1\"><b>Utols\u00f3 friss\u00edt\u00e9s:<\/b> november 28.<\/span><\/p>\n<p class=\"p1\"><span class=\"s1\">Venca, s.r.o., a term\u00e9k szolg\u00e1ltat\u00f3ja&nbsp;<b>Az AuraHomeAI<\/b> (&#8222;<b>AuraHomeAI<\/b>&#8222;, &#8222;<b>mi<\/b>&#8222;, &#8222;<b>minket<\/b>&#8221; vagy &#8222;<b>mi\u00e9nk<\/b>&#8222;) elk\u00f6telezett az \u00d6n adatainak v\u00e9delme \u00e9s a szem\u00e9lyes adatok \u00e1tl\u00e1that\u00f3 kezel\u00e9se mellett. A jelen Adatv\u00e9delmi szab\u00e1lyzat (&#8222;<b>Szab\u00e1lyzat<\/b>&#8222;) le\u00edrja, hogy milyen adatokat gy\u0171jt\u00fcnk, hogyan haszn\u00e1ljuk fel azokat, milyen jogai vannak, \u00e9s hogyan l\u00e9phet kapcsolatba vel\u00fcnk.A weboldalunk, webes alkalmaz\u00e1saink vagy szolg\u00e1ltat\u00e1saink (egy\u00fcttesen a &#8222;<b>Szolg\u00e1ltat\u00e1s<\/b>&#8222;) haszn\u00e1lat\u00e1val \u00d6n elfogadja a jelen szab\u00e1lyzatban le\u00edrt gyakorlatokat. Ha nem \u00e9rt egyet, k\u00e9rj\u00fck, hagyja abba a Szolg\u00e1ltat\u00e1s haszn\u00e1lat\u00e1t.  <\/span><\/p>\n<p class=\"p1\"><span class=\"s1\">\u200d<\/span><\/p>\n<p class=\"p3\"><span class=\"s2\"><b>1. Az \u00e1ltalunk gy\u0171jt\u00f6tt inform\u00e1ci\u00f3k<\/b><b><\/b><\/span><\/p>\n<p class=\"p1\"><span class=\"s1\"><b>1.1 Az \u00d6n \u00e1ltal megadott inform\u00e1ci\u00f3kAz<\/b>\u00d6n \u00e1ltal \u00f6nk\u00e9ntesen megadott inform\u00e1ci\u00f3kat gy\u0171jtj\u00fck, bele\u00e9rtve:<\/span><\/p>\n<p class=\"p1\"><span class=\"s1\">&#8211; <b>Sz\u00e1mlainform\u00e1ci\u00f3k:<\/b> N\u00e9v, e-mail c\u00edm, c\u00e9gn\u00e9v \u00e9s jelsz\u00f3 a fi\u00f3k l\u00e9trehoz\u00e1sakor.<\/span><\/p>\n<p class=\"p1\"><span class=\"s1\">&#8211; <b>Sz\u00e1ml\u00e1z\u00e1si inform\u00e1ci\u00f3k:<\/b> Fizet\u00e9si adatok \u00e9s sz\u00e1ml\u00e1z\u00e1si c\u00edm terv v\u00e1s\u00e1rl\u00e1sakor vagy kreditek list\u00e1z\u00e1sa eset\u00e9n.<\/span><\/p>\n<p class=\"p1\"><span class=\"s1\">&#8211; <b>Felt\u00f6lt\u00f6tt tartalom:<\/b> F\u00e9nyk\u00e9pek, alaprajzok, sz\u00f6veges bejegyz\u00e9sek \u00e9s egy\u00e9b anyagok (&#8222;Felhaszn\u00e1l\u00f3i tartalom&#8221;), amelyeket \u00d6n felt\u00f6lt AI feldolgoz\u00e1sra.<\/span><\/p>\n<p class=\"p1\"><span class=\"s1\">&#8211; <b>Kommunik\u00e1ci\u00f3:<\/b> E-mailben, cseveg\u00e9sen vagy t\u00e1mogat\u00e1si k\u00e9r\u00e9seken kereszt\u00fcl k\u00fcld\u00f6tt \u00fczenetek.<\/span><\/p>\n<p class=\"p1\"><span class=\"s1\">\u200d1<b>.2 Automatikusan gy\u0171jt\u00f6tt inform\u00e1ci\u00f3kAmikor<\/b>\u00d6n bel\u00e9p a Szolg\u00e1ltat\u00e1sba vagy haszn\u00e1lja azt, automatikusan gy\u0171jthet\u00fcnk:<\/span><\/p>\n<p class=\"p1\"><span class=\"s1\">&#8211; <b>Eszk\u00f6zinform\u00e1ci\u00f3k:<\/b> IP-c\u00edm, b\u00f6ng\u00e9sz\u0151 t\u00edpusa, oper\u00e1ci\u00f3s rendszer, k\u00e9sz\u00fcl\u00e9kmodell \u00e9s nyelvi be\u00e1ll\u00edt\u00e1sok.<\/span><\/p>\n<p class=\"p1\"><span class=\"s1\">&#8211; <b>Felhaszn\u00e1l\u00e1si adatok:<\/b> Felhaszn\u00e1l\u00e1si adatok: d\u00e1tumok, id\u0151pontok \u00e9s a Szolg\u00e1ltat\u00e1ssal val\u00f3 interakci\u00f3k, bele\u00e9rtve a kattint\u00e1sokat, a haszn\u00e1lt funkci\u00f3kat \u00e9s az elt\u00f6lt\u00f6tt id\u0151t.<\/span><\/p>\n<p class=\"p1\"><span class=\"s1\">&#8211;&nbsp;<b>S\u00fctik \u00e9s nyomk\u00f6vet\u0151 technol\u00f3gi\u00e1k:<\/b> A teljes\u00edtm\u00e9ny \u00e9s a felhaszn\u00e1l\u00f3i \u00e9lm\u00e9ny jav\u00edt\u00e1sa \u00e9rdek\u00e9ben s\u00fctik, pixelek \u00e9s analitikai eszk\u00f6z\u00f6k seg\u00edts\u00e9g\u00e9vel gy\u0171jt\u00f6tt adatok. A b\u00f6ng\u00e9sz\u0151 be\u00e1ll\u00edt\u00e1saiban m\u00f3dos\u00edthatja a cookie-k be\u00e1ll\u00edt\u00e1sait. <\/span><\/p>\n<p class=\"p1\"><span class=\"s1\">\u200d1<b>.3 Harmadik felekt\u0151l sz\u00e1rmaz\u00f3 inform\u00e1ci\u00f3k<\/b>Korl\u00e1tozott mennyis\u00e9g\u0171 inform\u00e1ci\u00f3t kaphatunk \u00d6nr\u0151l:<\/span><\/p>\n<p class=\"p1\"><span class=\"s1\">&#8211; <b>Fizet\u00e9si folyamatok:<\/b> A sikeres fizet\u00e9seket meger\u0151s\u00edt\u0151 tranzakci\u00f3s adatok.<\/span><\/p>\n<p class=\"p1\"><span class=\"s1\">&#8211; <b>Harmadik f\u00e9l bejelentkez\u00e9si szolg\u00e1ltat\u00f3k:<\/b> Ha a Google, az Apple vagy hasonl\u00f3 szolg\u00e1ltat\u00e1sok haszn\u00e1lat\u00e1val jelentkezik be.<\/span><\/p>\n<p class=\"p1\"><span class=\"s1\">&#8211; <b>Analitikai vagy marketingpartnerek:<\/b> \u00d6sszes\u00edtett, nem azonos\u00edthat\u00f3 statisztik\u00e1k a Szolg\u00e1ltat\u00e1s haszn\u00e1lat\u00e1r\u00f3l.<\/span><\/p>\n<p class=\"p1\"><span class=\"s1\">\u200d1<b>.4 \u00d6sszes\u00edtett \u00e9s azonos\u00edtatlan adatokAz<\/b>\u00d6nt nem azonos\u00edt\u00f3 anonimiz\u00e1lt adatokat gy\u0171jthet\u00fcnk vagy gener\u00e1lhatunk. Az ilyen adatokat kutat\u00e1sra, elemz\u00e9sre \u00e9s szolg\u00e1ltat\u00e1sfejleszt\u00e9sre haszn\u00e1ljuk fel. <\/span><\/p>\n<p class=\"p3\"><span class=\"s2\"><b>2. Hogyan haszn\u00e1ljuk fel az \u00d6n adatait<\/b><b><\/b><\/span><\/p>\n<p class=\"p1\"><span class=\"s1\"><b>\u200dA<\/b>szem\u00e9lyes adatokat jogszer\u0171 \u00fczleti c\u00e9lokra haszn\u00e1ljuk, bele\u00e9rtve:<\/span><\/p>\n<p class=\"p1\"><span class=\"s1\">&#8211; <b>Szolg\u00e1ltat\u00e1s m\u0171k\u00f6d\u00e9se:<\/b> Szolg\u00e1ltat\u00e1s: Sz\u00e1ml\u00e1k l\u00e9trehoz\u00e1sa \u00e9s kezel\u00e9se, tranzakci\u00f3k feldolgoz\u00e1sa \u00e9s a k\u00e9rt kimenetek k\u00e9zbes\u00edt\u00e9se.<\/span><\/p>\n<p class=\"p1\"><span class=\"s1\">&#8211; <b>Jav\u00edt\u00e1s:<\/b> A felhaszn\u00e1l\u00e1si trendek meg\u00e9rt\u00e9se, a probl\u00e9m\u00e1k elh\u00e1r\u00edt\u00e1sa, valamint a szolg\u00e1ltat\u00e1s teljes\u00edtm\u00e9ny\u00e9nek \u00e9s funkci\u00f3inak jav\u00edt\u00e1sa.<\/span><\/p>\n<p class=\"p1\"><span class=\"s1\">&#8211; <b>Kommunik\u00e1ci\u00f3:<\/b> T\u00e1mogat\u00e1sra adott v\u00e1laszok, sz\u00e1mlafriss\u00edt\u00e9sek \u00e9s vonatkoz\u00f3 szolg\u00e1ltat\u00e1si \u00e9rtes\u00edt\u00e9sek k\u00fcld\u00e9se.<\/span><\/p>\n<p class=\"p1\"><span class=\"s1\">&#8211; <b>Marketing:<\/b> Csak akkor, ha \u00d6n ezt v\u00e1lasztotta, vagy ha a t\u00f6rv\u00e9ny megengedi.<\/span><\/p>\n<p class=\"p1\"><span class=\"s1\">&#8211; <b>Biztons\u00e1g \u00e9s megfelel\u00e9s:<\/b> A csal\u00e1s felder\u00edt\u00e9se, a vissza\u00e9l\u00e9sek megel\u0151z\u00e9se, a felhaszn\u00e1l\u00e1si felt\u00e9telek betartat\u00e1sa \u00e9s a jogi k\u00f6telezetts\u00e9geknek val\u00f3 megfelel\u00e9s.<\/span><\/p>\n<p class=\"p1\"><span class=\"s1\">&#8211; <b>AI modell teljes\u00edtm\u00e9nye:<\/b> <b>Nem<\/b> adjuk el az \u00d6n szem\u00e9lyes adatait.<\/span><\/p>\n<p class=\"p1\"><span class=\"s1\"><b>3. Hogyan osztjuk meg az inform\u00e1ci\u00f3katAz<\/b>\u00d6n adatait csak akkor osztjuk meg, ha sz\u00fcks\u00e9ges, \u00e9s az al\u00e1bbiakban le\u00edrtak szerint:<\/span><\/p>\n<p class=\"p1\"><span class=\"s1\">\u200d3<b>.1 Szolg\u00e1ltat\u00f3kkal<\/b>Megb\u00edzhat\u00f3 harmadik feleket haszn\u00e1lunk, akik t\u00e1rhelyet, felh\u0151infrastrukt\u00far\u00e1t, elemz\u00e9si szolg\u00e1ltat\u00e1sokat, fizet\u00e9si folyamatokat (pl. Stripe) \u00e9s \u00fcgyf\u00e9lszolg\u00e1latot biztos\u00edtanak. Szerz\u0151d\u00e9ses k\u00f6telezetts\u00e9g\u00fck, hogy az \u00d6n adatait csak az AuraHomeAI utas\u00edt\u00e1sai szerint haszn\u00e1lj\u00e1k fel. <\/span><\/p>\n<p class=\"p1\"><span class=\"s1\">\u200d3<b>.2 Jogi k\u00f6vetelm\u00e9nyekAz<\/b>adatokat a b\u0171n\u00fcld\u00f6z\u0151 vagy korm\u00e1nyzati hat\u00f3s\u00e1gok sz\u00e1m\u00e1ra nyilv\u00e1noss\u00e1gra hozhatjuk, ha azt a t\u00f6rv\u00e9ny megk\u00f6veteli, vagy ha az t\u00f6rv\u00e9nyes jogaink v\u00e9delme \u00e9s a csal\u00e1s megel\u0151z\u00e9se \u00e9rdek\u00e9ben sz\u00fcks\u00e9ges.<\/span><\/p>\n<p class=\"p1\"><span class=\"s1\">\u200d3<b>.3 \u00dczleti \u00e1truh\u00e1z\u00e1sokHa<\/b>az AuraHomeAI f\u00fazi\u00f3, felv\u00e1s\u00e1rl\u00e1s vagy eszk\u00f6zelad\u00e1son megy kereszt\u00fcl, az \u00d6n adatai a tranzakci\u00f3 r\u00e9szek\u00e9nt tov\u00e1bb\u00edt\u00e1sra ker\u00fclhetnek. \u00d6nt \u00e9rtes\u00edtj\u00fck, ha szem\u00e9lyes adatainak tulajdonjoga vagy ellen\u0151rz\u00e9se megv\u00e1ltozik. <\/span><\/p>\n<p class=\"p1\"><span class=\"s1\">\u200d3<b>.4 Az \u00d6n beleegyez\u00e9s\u00e9velAdatokat<\/b>oszthatunk meg partnerekkel vagy kapcsolt v\u00e1llalkoz\u00e1sokkal, ha \u00d6n ehhez kifejezetten hozz\u00e1j\u00e1rul (pl. harmadik f\u00e9l alkalmaz\u00e1sainak integr\u00e1l\u00e1sakor).<\/span><\/p>\n<p class=\"p3\"><span class=\"s2\"><b>4. Az \u00d6n jogai<\/b><b><\/b><\/span><\/p>\n<p class=\"p1\"><span class=\"s1\"><b>\u200dAz<\/b>\u00d6n orsz\u00e1g\u00e1t\u00f3l vagy r\u00e9gi\u00f3j\u00e1t\u00f3l f\u00fcgg\u0151en a k\u00f6vetkez\u0151 jogokkal rendelkezhet:<\/span><\/p>\n<p class=\"p1\"><span class=\"s1\">&#8211; <b>Hozz\u00e1f\u00e9r\u00e9s:<\/b> Visszaigazol\u00e1st k\u00e9rhet arr\u00f3l, hogy feldolgozzuk-e az \u00d6n adatait, \u00e9s m\u00e1solatot kaphat.<\/span><\/p>\n<p class=\"p1\"><span class=\"s1\">&#8211; <b>Helyesb\u00edt\u00e9s:<\/b> A pontatlan vagy hi\u00e1nyos adatok helyesb\u00edt\u00e9s\u00e9nek k\u00e9r\u00e9se.<\/span><\/p>\n<p class=\"p1\"><span class=\"s1\">&#8211; <b>T\u00f6rl\u00e9s:<\/b> K\u00e9rheti adatainak t\u00f6rl\u00e9s\u00e9t, a jogi \u00e9s m\u0171k\u00f6d\u00e9si korl\u00e1tok betart\u00e1s\u00e1val.<\/span><\/p>\n<p class=\"p1\"><span class=\"s1\">&#8211; <b>Korl\u00e1toz\u00e1s vagy kifog\u00e1s:<\/b> A feldolgoz\u00e1s korl\u00e1toz\u00e1s\u00e1t vagy bizonyos felhaszn\u00e1l\u00e1sok elleni tiltakoz\u00e1st k\u00e9rhet.<\/span><\/p>\n<p class=\"p1\"><span class=\"s1\">&#8211; <b>Adathordozhat\u00f3s\u00e1g:<\/b> Az adatok g\u00e9pileg olvashat\u00f3 form\u00e1tumban t\u00f6rt\u00e9n\u0151 \u00e1tv\u00e9tele, amennyiben ez technikailag megval\u00f3s\u00edthat\u00f3.<\/span><\/p>\n<p class=\"p1\"><span class=\"s1\">&#8211; <b>A hozz\u00e1j\u00e1rul\u00e1s visszavon\u00e1sa:<\/b> A kor\u00e1bban adott hozz\u00e1j\u00e1rul\u00e1st b\u00e1rmikor visszavonhatja.<\/span><\/p>\n<p class=\"p1\"><span class=\"s1\">Ezeket a jogokat gyakorolhatja, ha kapcsolatba l\u00e9p vel\u00fcnk a k\u00f6vetkez\u0151 c\u00edmen&nbsp;<a href=\"mailto:privacy@aurahomeai.com\"><span class=\"s3\"><b>general@aurahomeai.com<\/b><\/span><\/a>. A v\u00e1laszad\u00e1s el\u0151tt ellen\u0151rizhetj\u00fck az \u00d6n szem\u00e9lyazonoss\u00e1g\u00e1t. <\/span><\/p>\n<p class=\"p3\"><span class=\"s2\"><b>5. Adatbiztons\u00e1g<\/b><b><\/b><\/span><\/p>\n<p class=\"p1\"><span class=\"s1\"><b>\u200dA<\/b>szem\u00e9lyes adatok v\u00e9delme \u00e9rdek\u00e9ben megfelel\u0151 technikai \u00e9s szervez\u00e9si int\u00e9zked\u00e9seket alkalmazunk, bele\u00e9rtve a titkos\u00edt\u00e1st, a biztons\u00e1gos t\u00e1rhelyet, a hozz\u00e1f\u00e9r\u00e9s ellen\u0151rz\u00e9s\u00e9t \u00e9s az id\u0151szakos fel\u00fclvizsg\u00e1latokat. Azonban egyetlen rendszer sem teljesen biztons\u00e1gos; a Szolg\u00e1ltat\u00e1st saj\u00e1t felel\u0151ss\u00e9g\u00e9re haszn\u00e1lja.Ha jogosulatlan hozz\u00e1f\u00e9r\u00e9st vagy adatv\u00e9delmi incidenst gyan\u00edt, k\u00e9rj\u00fck, halad\u00e9ktalanul l\u00e9pjen kapcsolatba vel\u00fcnk az al\u00e1bbi c\u00edmen &nbsp;<a href=\"mailto:security@aurahomeai.com\"><span class=\"s3\"><b>security@aurahomeai.com<\/b><\/span><\/a>.<\/span><\/p>\n<p class=\"p3\"><span class=\"s2\"><b>6. Adatmeg\u0151rz\u00e9s<\/b><b><\/b><\/span><\/p>\n<p class=\"p1\"><span class=\"s1\"><b>\u200dA<\/b>szem\u00e9lyes adatokat csak addig \u0151rizz\u00fck meg, am\u00edg sz\u00fcks\u00e9ges:<\/span><\/p>\n<p class=\"p1\"><span class=\"s1\">&#8211; a Szolg\u00e1ltat\u00e1s ny\u00fajt\u00e1sa;<\/span><\/p>\n<p class=\"p1\"><span class=\"s1\">&#8211; a jogi k\u00f6telezetts\u00e9geknek val\u00f3 megfelel\u00e9s;<\/span><\/p>\n<p class=\"p1\"><span class=\"s1\">&#8211; vit\u00e1k rendez\u00e9se;<\/span><\/p>\n<p class=\"p1\"><span class=\"s1\">&#8211; \u00e9rv\u00e9nyre juttatja a meg\u00e1llapod\u00e1sokat.<\/span><\/p>\n<p class=\"p1\"><span class=\"s1\">A felt\u00f6lt\u00f6tt felhaszn\u00e1l\u00f3i tartalom \u00e9s a gener\u00e1lt kimenetek \u00e1ltal\u00e1ban 30-180 napig t\u00e1rol\u00f3dnak (a tervt\u0151l \u00e9s a fi\u00f3kbe\u00e1ll\u00edt\u00e1sokt\u00f3l f\u00fcgg\u0151en), \u00e9s k\u00e9r\u00e9sre hamarabb is t\u00f6r\u00f6lhet\u0151k.<\/span><\/p>\n<p class=\"p3\"><span class=\"s2\"><b>7. Nemzetk\u00f6zi adattov\u00e1bb\u00edt\u00e1sok<\/b><b><\/b><\/span><\/p>\n<p class=\"p1\"><span class=\"s1\"><b>\u200dAuraHomeAI<\/b>vil\u00e1gszerte m\u0171k\u00f6dik. Az \u00d6n adatait az \u00d6n lak\u00f3hely\u00e9n k\u00edv\u00fcli orsz\u00e1gokban is t\u00e1rolhatjuk \u00e9s feldolgozhatjuk, bele\u00e9rtve az Eur\u00f3pai Uni\u00f3t, az Egyes\u00fclt \u00c1llamokat vagy m\u00e1s, elt\u00e9r\u0151 adatv\u00e9delmi norm\u00e1kkal rendelkez\u0151 r\u00e9gi\u00f3kat.A nemzetk\u00f6zi adattov\u00e1bb\u00edt\u00e1s sor\u00e1n a megfelel\u0151 v\u00e9delem biztos\u00edt\u00e1sa \u00e9rdek\u00e9ben olyan biztos\u00edt\u00e9kokat alkalmazunk, mint az EU szabv\u00e1nyos szerz\u0151d\u00e9si felt\u00e9telei vagy ezzel egyen\u00e9rt\u00e9k\u0171 keretek. <\/span><\/p>\n<p class=\"p3\"><span class=\"s2\"><b>8. Gyermekek mag\u00e1n\u00e9lete<\/b><b><\/b><\/span><\/p>\n<p class=\"p1\"><span class=\"s1\"><b>\u200dA<\/b>Szolg\u00e1ltat\u00e1s nem 16 \u00e9v alatti gyermekek sz\u00e1m\u00e1ra k\u00e9sz\u00fclt. Tudatosan nem gy\u0171jt\u00fcnk adatokat kiskor\u00faakt\u00f3l. Ha tudom\u00e1st szerz\u00fcnk arr\u00f3l, hogy egy gyermek szem\u00e9lyes adatokat adott meg, azokat halad\u00e9ktalanul t\u00f6r\u00f6lj\u00fck.  <\/span><\/p>\n<p class=\"p3\"><span class=\"s2\"><b>9. S\u00fctik \u00e9s nyomon k\u00f6vet\u00e9s<\/b><b><\/b><\/span><\/p>\n<p class=\"p1\"><span class=\"s1\"><b>\u200dS\u00fctiket<\/b>\u00e9s hasonl\u00f3 eszk\u00f6z\u00f6ket haszn\u00e1lunk hiteles\u00edt\u00e9shez, elemz\u00e9shez \u00e9s szem\u00e9lyre szab\u00e1shoz. A b\u00f6ng\u00e9sz\u0151j\u00e9ben kezelheti vagy letilthatja a s\u00fctiket. A szolg\u00e1ltat\u00e1s m\u0171k\u00f6d\u00e9s\u00e9hez elengedhetetlen\u00fcl sz\u00fcks\u00e9ges cookie-kra van sz\u00fcks\u00e9g.  &nbsp;<b>S\u00fctikre vonatkoz\u00f3 ir\u00e1nyelvek<\/b> (ha van ilyen).<\/span><\/p>\n<p class=\"p3\"><span class=\"s2\"><b>10. A jelen szab\u00e1lyzat friss\u00edt\u00e9sei<\/b><b><\/b><\/span><\/p>\n<p class=\"p1\"><span class=\"s1\"><b>\u200dA<\/b>jelen Szab\u00e1lyzatot id\u0151r\u0151l id\u0151re m\u00f3dos\u00edthatjuk a jogi, technikai vagy \u00fczleti v\u00e1ltoz\u00e1sok t\u00fckr\u00f6z\u00e9se \u00e9rdek\u00e9ben. A m\u00f3dos\u00edtott verzi\u00f3t egy friss\u00edtett &#8222;Utols\u00f3 friss\u00edt\u00e9s&#8221; d\u00e1tummal fogjuk k\u00f6zz\u00e9tenni, \u00e9s a felhaszn\u00e1l\u00f3kat e-mailben vagy alkalmaz\u00e1son bel\u00fcli \u00e9rtes\u00edt\u00e9sben \u00e9rtes\u00edtj\u00fck a l\u00e9nyeges v\u00e1ltoz\u00e1sokr\u00f3l. A m\u00f3dos\u00edt\u00e1sok hat\u00e1lybal\u00e9p\u00e9s\u00e9t k\u00f6vet\u0151en a Szolg\u00e1ltat\u00e1s tov\u00e1bbi haszn\u00e1lata elfogad\u00e1snak min\u0151s\u00fcl.  <\/span><\/p>\n<p class=\"p3\"><span class=\"s2\"><b>11. Kapcsolatfelv\u00e9tel<\/b><b><\/b><\/span><\/p>\n<p class=\"p1\"><span class=\"s1\"><b>Venca, s.r.o.<\/b><b><\/b><\/span><\/p>\n<p class=\"p1\"><span class=\"s1\">Hviezdoslavov, Mu\u0161k\u00e1tov\u00e1 35, Szlov\u00e1kia<\/span><\/p>\n<p class=\"p1\"><span class=\"s1\"><b>I\u010cO:<\/b> 55647677<\/span><\/p>\n<p class=\"p1\"><span class=\"s1\"><b>I\u010c DPH:<\/b> SK2122046487<\/span><\/p>\n<p class=\"p5\"><span class=\"s4\"><b>E-mail: <a href=\"mailto:privacy@aurahomeai.com\"><span class=\"s3\">general@aurahomeai.com<\/span><\/a><\/b><\/span><\/p>\n<p class=\"p6\"><span class=\"s5\"><b>Weboldal:<\/b> <a href=\"https:\/\/www.aurahomeai.com\/\"><span class=\"s3\">www.aurahomeai.com<\/span><\/a><\/span><\/p>\n<p class=\"p1\"><span class=\"s3\"><a href=\"https:\/\/www.aurahomeai.com\/\">\u200d<\/a><\/span><span class=\"s1\">Ha \u00d6n az Eur\u00f3pai Uni\u00f3ban vagy az Egyes\u00fclt Kir\u00e1lys\u00e1gban \u00e9l, az \u00d6n adatainak kezel\u00e9s\u00e9vel kapcsolatos agg\u00e1lyai miatt fordulhat a helyi adatv\u00e9delmi hat\u00f3s\u00e1ghoz.<\/span><\/p>\n<p class=\"p1\"><span class=\"s1\"><b>Kieg\u00e9sz\u00edt\u0151 region\u00e1lis k\u00f6zz\u00e9t\u00e9telekEur\u00f3pai Uni\u00f3 \/ EGT:<\/b> A szem\u00e9lyes adatok feldolgoz\u00e1sa a GDPR 6. cikk\u00e9nek (1) bekezd\u00e9s\u00e9n alapul. \u00d6n panaszt ny\u00fajthat be a helyi fel\u00fcgyeleti hat\u00f3s\u00e1gn\u00e1l. <\/span><\/p>\n<p class=\"p1\"><span class=\"s1\"><b>Egyes\u00fclt \u00c1llamok:<\/b> Egyes \u00e1llami adatv\u00e9delmi t\u00f6rv\u00e9nyek (pl. CCPA, CPRA) biztos\u00edtj\u00e1k a lakosok sz\u00e1m\u00e1ra az adatokhoz val\u00f3 hozz\u00e1f\u00e9r\u00e9s, t\u00f6rl\u00e9s vagy az adatmegoszt\u00e1sb\u00f3l val\u00f3 kil\u00e9p\u00e9s jog\u00e1t.<\/span><\/p>\n<p class=\"p1\"><span class=\"s1\"><b>Kanada:<\/b> PIPEDA (Personal Information Protection and Electronic Documents Act).<\/span><\/p>\n<p class=\"p1\"><span class=\"s1\"><b>Ausztr\u00e1lia \/ \u00daj-Z\u00e9land:<\/b> Az \u00d6n adatait az adott joghat\u00f3s\u00e1g adatv\u00e9delmi t\u00f6rv\u00e9nyei szerint kezelj\u00fck.<\/span><\/p>\n<p class=\"p1\"><span class=\"s1\">Ez az adatv\u00e9delmi szab\u00e1lyzat vil\u00e1gszerte \u00e9rv\u00e9nyes, \u00e9s \u00fagy lett kialak\u00edtva, hogy megfeleljen az EU GDPR, az Egyes\u00fclt Kir\u00e1lys\u00e1g GDPR \u00e9s m\u00e1s glob\u00e1lis adatv\u00e9delmi kereteknek.<\/span><\/p>\n<p><\/p>\t\t\t\t\t\t\t\t<\/div>\n\t\t\t\t\t<\/div>\n\t\t\t\t<\/div>\n\t\t\t\t<\/div>\n\t\t","protected":false},"excerpt":{"rendered":"<p>Utols\u00f3 friss\u00edt\u00e9s: november 28. Venca, s.r.o., a term\u00e9k szolg\u00e1ltat\u00f3ja&nbsp;Az AuraHomeAI (&#8222;AuraHomeAI&#8222;, &#8222;mi&#8222;, &#8222;minket&#8221; vagy &#8222;mi\u00e9nk&#8222;) elk\u00f6telezett [&hellip;]<\/p>\n","protected":false},"author":1,"featured_media":0,"parent":0,"menu_order":0,"comment_status":"closed","ping_status":"open","template":"","meta":{"footnotes":""},"class_list":["post-9128","page","type-page","status-publish","hentry"],"_links":{"self":[{"href":"https:\/\/aurahomeai.com\/hu\/wp-json\/wp\/v2\/pages\/9128","targetHints":{"allow":["GET"]}}],"collection":[{"href":"https:\/\/aurahomeai.com\/hu\/wp-json\/wp\/v2\/pages"}],"about":[{"href":"https:\/\/aurahomeai.com\/hu\/wp-json\/wp\/v2\/types\/page"}],"author":[{"embeddable":true,"href":"https:\/\/aurahomeai.com\/hu\/wp-json\/wp\/v2\/users\/1"}],"replies":[{"embeddable":true,"href":"https:\/\/aurahomeai.com\/hu\/wp-json\/wp\/v2\/comments?post=9128"}],"version-history":[{"count":5,"href":"https:\/\/aurahomeai.com\/hu\/wp-json\/wp\/v2\/pages\/9128\/revisions"}],"predecessor-version":[{"id":9145,"href":"https:\/\/aurahomeai.com\/hu\/wp-json\/wp\/v2\/pages\/9128\/revisions\/9145"}],"wp:attachment":[{"href":"https:\/\/aurahomeai.com\/hu\/wp-json\/wp\/v2\/media?parent=9128"}],"curies":[{"name":"wp","href":"https:\/\/api.w.org\/{rel}","templated":true}]}}