{"id":9095,"date":"2025-11-26T14:36:32","date_gmt":"2025-11-26T14:36:32","guid":{"rendered":"https:\/\/aurahomeai.com\/zasady-ochrany-osobnich-udaju\/"},"modified":"2025-12-09T15:29:05","modified_gmt":"2025-12-09T15:29:05","slug":"zasady-ochrany-osobnich-udaju","status":"publish","type":"page","link":"https:\/\/aurahomeai.com\/cs\/zasady-ochrany-osobnich-udaju\/","title":{"rendered":"Z\u00e1sady ochrany osobn\u00edch \u00fadaj\u016f"},"content":{"rendered":"\t\t<div data-elementor-type=\"wp-page\" data-elementor-id=\"9095\" class=\"elementor elementor-9095 elementor-3\" data-elementor-post-type=\"page\">\n\t\t\t\t<div class=\"elementor-element elementor-element-6280da77 e-flex e-con-boxed e-con e-parent\" data-id=\"6280da77\" data-element_type=\"container\" data-e-type=\"container\">\n\t\t\t\t\t<div class=\"e-con-inner\">\n\t\t\t\t<div class=\"elementor-element elementor-element-266b2312 elementor-widget elementor-widget-text-editor\" data-id=\"266b2312\" data-element_type=\"widget\" data-e-type=\"widget\" data-widget_type=\"text-editor.default\">\n\t\t\t\t\t\t\t\t\t<p><\/p>\n<p class=\"p1\"><span class=\"s1\"><b>Posledn\u00ed aktualizace:<\/b> 28. listopadu 2025<\/span><\/p>\n<p class=\"p1\"><span class=\"s1\">Venca, s.r.o., poskytovatel produktu&nbsp;Spole\u010dnost <b>AuraHomeAI<\/b> (&#8222;<b>AuraHomeAI<\/b>&#8222;, &#8222;<b>my<\/b>&#8222;, &#8222;<b>n\u00e1s<\/b>&#8220; nebo &#8222;<b>na\u0161e<\/b>&#8222;) se zavazuje chr\u00e1nit va\u0161e soukrom\u00ed a transparentn\u011b nakl\u00e1dat s osobn\u00edmi \u00fadaji. Tyto Z\u00e1sady ochrany osobn\u00edch \u00fadaj\u016f (d\u00e1le jen &#8222;<g id=\"gid_6\">Z\u00e1sady<\/g>&#8222;) popisuj\u00ed, jak\u00e9 \u00fadaje shroma\u017e\u010fujeme, jak je pou\u017e\u00edv\u00e1me, jak\u00e1 m\u00e1te pr\u00e1va a jak n\u00e1s m\u016f\u017eete kontaktovat.Pou\u017e\u00edv\u00e1n\u00edm na\u0161ich webov\u00fdch str\u00e1nek, webov\u00fdch aplikac\u00ed nebo slu\u017eeb (souhrnn\u011b &#8222;<g id=\"gid_7\">Slu\u017eba<\/g>&#8222;) souhlas\u00edte s postupy popsan\u00fdmi v t\u011bchto Z\u00e1sad\u00e1ch. Pokud s nimi nesouhlas\u00edte, p\u0159esta\u0148te pros\u00edm slu\u017ebu pou\u017e\u00edvat.  <\/span><\/p>\n<p class=\"p1\"><span class=\"s1\">\u200d<\/span><\/p>\n<p class=\"p3\"><span class=\"s2\"><b>1. Informace, kter\u00e9 shroma\u017e\u010fujeme<\/b><b><\/b><\/span><\/p>\n<p class=\"p1\"><span class=\"s1\"><b>1.1 Informace, kter\u00e9 n\u00e1m poskytneteShroma\u017e\u010fujeme<\/b>informace, kter\u00e9 n\u00e1m dobrovoln\u011b poskytnete, v\u010detn\u011b:<\/span><\/p>\n<p class=\"p1\"><span class=\"s1\">&#8211; <b>Informace o \u00fa\u010dtu:<\/b> Jm\u00e9no, e-mailov\u00e1 adresa, n\u00e1zev spole\u010dnosti a heslo p\u0159i vytv\u00e1\u0159en\u00ed \u00fa\u010dtu.<\/span><\/p>\n<p class=\"p1\"><span class=\"s1\">&#8211; <b>Faktura\u010dn\u00ed \u00fadaje:<\/b> \u00dadaje o platb\u011b a faktura\u010dn\u00ed adresa p\u0159i n\u00e1kupu pl\u00e1nu nebo vypisov\u00e1n\u00ed kredit\u016f.<\/span><\/p>\n<p class=\"p1\"><span class=\"s1\">&#8211; <b>Nahran\u00fd obsah:<\/b> U\u017eivatelsk\u00fd obsah: Fotografie, p\u016fdorysy, textov\u00e9 vstupy a dal\u0161\u00ed materi\u00e1ly (d\u00e1le jen &#8222;u\u017eivatelsk\u00fd obsah&#8220;), kter\u00e9 nahrajete pro zpracov\u00e1n\u00ed AI.<\/span><\/p>\n<p class=\"p1\"><span class=\"s1\">&#8211; <b>Komunikace:<\/b> Zpr\u00e1vy, kter\u00e9 n\u00e1m pos\u00edl\u00e1te prost\u0159ednictv\u00edm e-mailu, chatu nebo \u017e\u00e1dost\u00ed o podporu.<\/span><\/p>\n<p class=\"p1\"><span class=\"s1\">\u200d1<b>.2 Informace, kter\u00e9 shroma\u017e\u010fujeme automatickyP\u0159i<\/b>p\u0159\u00edstupu ke slu\u017eb\u011b nebo jej\u00edm pou\u017e\u00edv\u00e1n\u00ed m\u016f\u017eeme automaticky shroma\u017e\u010fovat:<\/span><\/p>\n<p class=\"p1\"><span class=\"s1\">&#8211; <b>Informace o za\u0159\u00edzen\u00ed:<\/b> IP adresa, typ prohl\u00ed\u017ee\u010de, opera\u010dn\u00ed syst\u00e9m, model za\u0159\u00edzen\u00ed a jazykov\u00e9 preference.<\/span><\/p>\n<p class=\"p1\"><span class=\"s1\">&#8211; <b>\u00dadaje o pou\u017eit\u00ed:<\/b> Data, \u010dasy a interakce se slu\u017ebou, v\u010detn\u011b kliknut\u00ed, pou\u017eit\u00fdch funkc\u00ed a str\u00e1ven\u00e9ho \u010dasu.<\/span><\/p>\n<p class=\"p1\"><span class=\"s1\">&#8211;&nbsp;<b>Soubory cookie a sledovac\u00ed technologie:<\/b> \u00dadaje shroma\u017e\u010fovan\u00e9 prost\u0159ednictv\u00edm soubor\u016f cookie, pixel\u016f a analytick\u00fdch n\u00e1stroj\u016f za \u00fa\u010delem zlep\u0161en\u00ed v\u00fdkonu a u\u017eivatelsk\u00e9ho komfortu. P\u0159edvolby soubor\u016f cookie m\u016f\u017eete upravit v nastaven\u00ed prohl\u00ed\u017ee\u010de. <\/span><\/p>\n<p class=\"p1\"><span class=\"s1\">\u200d1<b>.3 Informace od t\u0159et\u00edch stranM\u016f\u017eeme<\/b>o v\u00e1s z\u00edskat omezen\u00e9 informace od:<\/span><\/p>\n<p class=\"p1\"><span class=\"s1\">&#8211; <b>Zpracovatel\u00e9 plateb:<\/b> Transak\u010dn\u00ed \u00fadaje potvrzuj\u00edc\u00ed \u00fasp\u011b\u0161n\u00e9 platby.<\/span><\/p>\n<p class=\"p1\"><span class=\"s1\">&#8211; <b>Poskytovatel\u00e9 p\u0159ihl\u00e1\u0161en\u00ed t\u0159et\u00edch stran:<\/b> Pokud se p\u0159ihla\u0161ujete pomoc\u00ed slu\u017eeb Google, Apple nebo podobn\u00fdch slu\u017eeb.<\/span><\/p>\n<p class=\"p1\"><span class=\"s1\">&#8211; <b>Analytick\u00e9 nebo marketingov\u00e9 partnery:<\/b> Souhrnn\u00e9, neidentifikovateln\u00e9 statistiky o pou\u017e\u00edv\u00e1n\u00ed slu\u017eby.<\/span><\/p>\n<p class=\"p1\"><span class=\"s1\">\u200d1<b>.4 Souhrnn\u00e9 a deidentifikovan\u00e9 \u00fadajeM\u016f\u017eeme<\/b>shroma\u017e\u010fovat nebo vytv\u00e1\u0159et anonymizovan\u00e9 \u00fadaje, kter\u00e9 v\u00e1s nemohou identifikovat. Takov\u00e9 \u00fadaje pou\u017e\u00edv\u00e1me pro v\u00fdzkum, anal\u00fdzu a zlep\u0161ov\u00e1n\u00ed slu\u017eeb. <\/span><\/p>\n<p class=\"p3\"><span class=\"s2\"><b>2. Jak pou\u017e\u00edv\u00e1me va\u0161e informace<\/b><b><\/b><\/span><\/p>\n<p class=\"p1\"><span class=\"s1\"><b>\u200dOsobn\u00ed<\/b>\u00fadaje pou\u017e\u00edv\u00e1me pro legitimn\u00ed obchodn\u00ed \u00fa\u010dely, v\u010detn\u011b:<\/span><\/p>\n<p class=\"p1\"><span class=\"s1\">&#8211; <b>Provoz slu\u017eby:<\/b> Vytv\u00e1\u0159en\u00ed a spr\u00e1va \u00fa\u010dt\u016f, zpracov\u00e1n\u00ed transakc\u00ed a poskytov\u00e1n\u00ed po\u017eadovan\u00fdch v\u00fdstup\u016f.<\/span><\/p>\n<p class=\"p1\"><span class=\"s1\">&#8211; <b>Zlep\u0161en\u00ed:<\/b> Zlep\u0161ov\u00e1n\u00ed: pochopen\u00ed trend\u016f pou\u017e\u00edv\u00e1n\u00ed, \u0159e\u0161en\u00ed probl\u00e9m\u016f a zlep\u0161ov\u00e1n\u00ed v\u00fdkonu a funkc\u00ed slu\u017eby.<\/span><\/p>\n<p class=\"p1\"><span class=\"s1\">&#8211; <b>Komunikace:<\/b> Pro zas\u00edl\u00e1n\u00ed odpov\u011bd\u00ed podpory, aktualizac\u00ed \u00fa\u010dtu a p\u0159\u00edslu\u0161n\u00fdch ozn\u00e1men\u00ed o slu\u017eb\u00e1ch.<\/span><\/p>\n<p class=\"p1\"><span class=\"s1\">&#8211; <b>Marketing:<\/b> K zas\u00edl\u00e1n\u00ed nab\u00eddek, aktualizac\u00ed a informac\u00ed o produktech, pouze pokud jste se k tomu p\u0159ihl\u00e1sili nebo pokud to povoluje z\u00e1kon.<\/span><\/p>\n<p class=\"p1\"><span class=\"s1\">&#8211; <b>Zabezpe\u010den\u00ed a dodr\u017eov\u00e1n\u00ed p\u0159edpis\u016f:<\/b> K odhalov\u00e1n\u00ed podvod\u016f, prevenci zneu\u017eit\u00ed, prosazov\u00e1n\u00ed podm\u00ednek pou\u017e\u00edv\u00e1n\u00ed a dodr\u017eov\u00e1n\u00ed z\u00e1konn\u00fdch povinnost\u00ed.<\/span><\/p>\n<p class=\"p1\"><span class=\"s1\">&#8211; <b>V\u00fdkonnost modelu AI:<\/b> Va\u0161e osobn\u00ed \u00fadaje <b>neprod\u00e1v\u00e1me<\/b>.<\/span><\/p>\n<p class=\"p1\"><span class=\"s1\"><b>3. Jak sd\u00edl\u00edme informaceVa\u0161e<\/b>informace sd\u00edl\u00edme pouze v p\u0159\u00edpad\u011b pot\u0159eby a zp\u016fsobem popsan\u00fdm n\u00ed\u017ee:<\/span><\/p>\n<p class=\"p1\"><span class=\"s1\">\u200d3<b>.1 S poskytovateli slu\u017eebPou\u017e\u00edv\u00e1me<\/b>d\u016fv\u011bryhodn\u00e9 t\u0159et\u00ed strany, kter\u00e9 poskytuj\u00ed hosting, cloudovou infrastrukturu, anal\u00fdzu, zpracov\u00e1n\u00ed plateb (nap\u0159. Stripe) a z\u00e1kaznickou podporu. Jsou smluvn\u011b v\u00e1z\u00e1ni pou\u017e\u00edvat va\u0161e \u00fadaje pouze podle pokyn\u016f spole\u010dnosti AuraHomeAI. <\/span><\/p>\n<p class=\"p1\"><span class=\"s1\">\u200d3<b>.2 Z\u00e1konn\u00e9 po\u017eadavkyM\u016f\u017eeme<\/b>poskytnout informace org\u00e1n\u016fm \u010dinn\u00fdm v trestn\u00edm \u0159\u00edzen\u00ed nebo st\u00e1tn\u00edm org\u00e1n\u016fm, pokud to vy\u017eaduje z\u00e1kon, nebo za \u00fa\u010delem ochrany na\u0161ich z\u00e1konn\u00fdch pr\u00e1v a prevence podvod\u016f.<\/span><\/p>\n<p class=\"p1\"><span class=\"s1\">\u200d3<b>.3 Obchodn\u00ed p\u0159evodyPokud doj<\/b>de ke slou\u010den\u00ed, akvizici nebo prodeji majetku spole\u010dnosti AuraHomeAI, mohou b\u00fdt va\u0161e \u00fadaje v r\u00e1mci t\u00e9to transakce p\u0159evedeny. Pokud dojde ke zm\u011bn\u011b vlastnictv\u00ed nebo kontroly nad va\u0161imi osobn\u00edmi \u00fadaji, budete o tom informov\u00e1ni. <\/span><\/p>\n<p class=\"p1\"><span class=\"s1\">\u200d3<b>.4 S va\u0161\u00edm souhlasemM\u016f\u017eeme<\/b>sd\u00edlet data s partnery nebo p\u0159idru\u017een\u00fdmi spole\u010dnostmi, pokud s t\u00edm v\u00fdslovn\u011b souhlas\u00edte (nap\u0159. p\u0159i integraci aplikac\u00ed t\u0159et\u00edch stran).<\/span><\/p>\n<p class=\"p3\"><span class=\"s2\"><b>4. Va\u0161e pr\u00e1va<\/b><b><\/b><\/span><\/p>\n<p class=\"p1\"><span class=\"s1\"><b>\u200dV<\/b>z\u00e1vislosti na zemi nebo regionu m\u016f\u017eete m\u00edt n\u00e1sleduj\u00edc\u00ed pr\u00e1va:<\/span><\/p>\n<p class=\"p1\"><span class=\"s1\">&#8211; <b>P\u0159\u00edstup:<\/b> Vy\u017e\u00e1dejte si potvrzen\u00ed o tom, zda va\u0161e \u00fadaje zpracov\u00e1v\u00e1me, a obdr\u017ete jejich kopii.<\/span><\/p>\n<p class=\"p1\"><span class=\"s1\">&#8211; <b>Oprava:<\/b> Po\u017e\u00e1dejte o opravu nep\u0159esn\u00fdch nebo ne\u00fapln\u00fdch \u00fadaj\u016f.<\/span><\/p>\n<p class=\"p1\"><span class=\"s1\">&#8211; <b>Vymaz\u00e1n\u00ed:<\/b> Po\u017e\u00e1dejte o vymaz\u00e1n\u00ed sv\u00fdch \u00fadaj\u016f v r\u00e1mci z\u00e1konn\u00fdch a provozn\u00edch omezen\u00ed.<\/span><\/p>\n<p class=\"p1\"><span class=\"s1\">&#8211; <b>Omezen\u00ed nebo n\u00e1mitka:<\/b> Vy\u017e\u00e1dejte si omezen\u00ed zpracov\u00e1n\u00ed nebo vzneste n\u00e1mitku proti ur\u010dit\u00fdm zp\u016fsob\u016fm pou\u017eit\u00ed.<\/span><\/p>\n<p class=\"p1\"><span class=\"s1\">&#8211; <b>P\u0159enositelnost dat:<\/b> P\u0159ij\u00edmejte data ve strojov\u011b \u010diteln\u00e9m form\u00e1tu, je-li to technicky provediteln\u00e9.<\/span><\/p>\n<p class=\"p1\"><span class=\"s1\">&#8211; <b>Odvol\u00e1n\u00ed souhlasu:<\/b> Kdykoli m\u016f\u017eete odvolat d\u0159\u00edve ud\u011blen\u00fd souhlas.<\/span><\/p>\n<p class=\"p1\"><span class=\"s1\">Tato pr\u00e1va m\u016f\u017eete uplatnit tak, \u017ee n\u00e1s kontaktujete na adrese&nbsp;<a href=\"mailto:privacy@aurahomeai.com\"><span class=\"s3\"><b>general@aurahomeai.com<\/b><\/span><\/a>. P\u0159ed odpov\u011bd\u00ed m\u016f\u017eeme ov\u011b\u0159it va\u0161i toto\u017enost. <\/span><\/p>\n<p class=\"p3\"><span class=\"s2\"><b>5. Zabezpe\u010den\u00ed dat<\/b><b><\/b><\/span><\/p>\n<p class=\"p1\"><span class=\"s1\"><b>\u200dPro<\/b>ochranu osobn\u00edch \u00fadaj\u016f pou\u017e\u00edv\u00e1me vhodn\u00e1 technick\u00e1 a organiza\u010dn\u00ed opat\u0159en\u00ed, v\u010detn\u011b \u0161ifrov\u00e1n\u00ed, zabezpe\u010den\u00e9ho hostingu, kontroly p\u0159\u00edstupu a pravideln\u00fdch kontrol. \u017d\u00e1dn\u00fd syst\u00e9m v\u0161ak nen\u00ed zcela bezpe\u010dn\u00fd; slu\u017ebu pou\u017e\u00edv\u00e1te na vlastn\u00ed nebezpe\u010d\u00ed. pokud m\u00e1te podez\u0159en\u00ed na neopr\u00e1vn\u011bn\u00fd p\u0159\u00edstup nebo naru\u0161en\u00ed bezpe\u010dnosti \u00fadaj\u016f, neprodlen\u011b n\u00e1s kontaktujte na adrese &nbsp;<a href=\"mailto:security@aurahomeai.com\"><span class=\"s3\"><b>security@aurahomeai.com<\/b><\/span><\/a>.<\/span><\/p>\n<p class=\"p3\"><span class=\"s2\"><b>6. Uchov\u00e1v\u00e1n\u00ed \u00fadaj\u016f<\/b><b><\/b><\/span><\/p>\n<p class=\"p1\"><span class=\"s1\"><b>\u200dOsobn\u00ed<\/b>\u00fadaje uchov\u00e1v\u00e1me pouze po dobu nezbytnou k:<\/span><\/p>\n<p class=\"p1\"><span class=\"s1\">&#8211; poskytovat slu\u017ebu;<\/span><\/p>\n<p class=\"p1\"><span class=\"s1\">&#8211; spln\u011bn\u00ed z\u00e1konn\u00fdch povinnost\u00ed;<\/span><\/p>\n<p class=\"p1\"><span class=\"s1\">&#8211; \u0159e\u0161en\u00ed spor\u016f;<\/span><\/p>\n<p class=\"p1\"><span class=\"s1\">&#8211; vym\u00e1hat dohody.<\/span><\/p>\n<p class=\"p1\"><span class=\"s1\">Nahran\u00fd u\u017eivatelsk\u00fd obsah a vygenerovan\u00e9 v\u00fdstupy se obvykle ukl\u00e1daj\u00ed po dobu 30-180 dn\u00ed (v z\u00e1vislosti na va\u0161em pl\u00e1nu a nastaven\u00ed \u00fa\u010dtu) a na po\u017e\u00e1d\u00e1n\u00ed mohou b\u00fdt odstran\u011bny d\u0159\u00edve.<\/span><\/p>\n<p class=\"p3\"><span class=\"s2\"><b>7. Mezin\u00e1rodn\u00ed p\u0159enosy dat<\/b><b><\/b><\/span><\/p>\n<p class=\"p1\"><span class=\"s1\"><b>\u200dAuraHomeAI<\/b>p\u016fsob\u00ed celosv\u011btov\u011b. Va\u0161e \u00fadaje mohou b\u00fdt ukl\u00e1d\u00e1ny a zpracov\u00e1v\u00e1ny v zem\u00edch mimo va\u0161e bydli\u0161t\u011b, v\u010detn\u011b zem\u00ed Evropsk\u00e9 unie, Spojen\u00fdch st\u00e1t\u016f nebo jin\u00fdch region\u016f s odli\u0161n\u00fdmi standardy ochrany \u00fadaj\u016f.P\u0159i mezin\u00e1rodn\u00edm p\u0159enosu \u00fadaj\u016f uplat\u0148ujeme ochrann\u00e1 opat\u0159en\u00ed, jako jsou standardn\u00ed smluvn\u00ed dolo\u017eky EU nebo rovnocenn\u00e9 r\u00e1mce, abychom zajistili odpov\u00eddaj\u00edc\u00ed ochranu. <\/span><\/p>\n<p class=\"p3\"><span class=\"s2\"><b>8. Ochrana soukrom\u00ed d\u011bt\u00ed<\/b><b><\/b><\/span><\/p>\n<p class=\"p1\"><span class=\"s1\"><b>\u200dSlu\u017eba<\/b>nen\u00ed ur\u010dena pro d\u011bti mlad\u0161\u00ed 16 let. \u00dadaje od nezletil\u00fdch v\u011bdom\u011b neshroma\u017e\u010fujeme. Pokud zjist\u00edme, \u017ee osobn\u00ed \u00fadaje poskytlo d\u00edt\u011b, neprodlen\u011b je vyma\u017eeme.  <\/span><\/p>\n<p class=\"p3\"><span class=\"s2\"><b>9. Soubory cookie a sledov\u00e1n\u00ed<\/b><b><\/b><\/span><\/p>\n<p class=\"p1\"><span class=\"s1\"><b>\u200dPou\u017e\u00edv\u00e1me<\/b>soubory cookie a podobn\u00e9 n\u00e1stroje pro ov\u011b\u0159ov\u00e1n\u00ed, anal\u00fdzu a personalizaci. Soubory cookie m\u016f\u017eete spravovat nebo zak\u00e1zat ve sv\u00e9m prohl\u00ed\u017ee\u010di. Z\u00e1kladn\u00ed soubory cookie jsou nutn\u00e9 pro fungov\u00e1n\u00ed slu\u017eby. dal\u0161\u00ed podrobnosti naleznete v na\u0161em  &nbsp;<b>Z\u00e1sady pou\u017e\u00edv\u00e1n\u00ed soubor\u016f cookie<\/b> (pokud se pou\u017eij\u00ed).<\/span><\/p>\n<p class=\"p3\"><span class=\"s2\"><b>10. Aktualizace t\u011bchto z\u00e1sad<\/b><b><\/b><\/span><\/p>\n<p class=\"p1\"><span class=\"s1\"><b>\u200dTyto<\/b>z\u00e1sady m\u016f\u017eeme \u010das od \u010dasu upravit, aby odr\u00e1\u017eely pr\u00e1vn\u00ed, technick\u00e9 nebo obchodn\u00ed zm\u011bny. Zve\u0159ejn\u00edme revidovanou verzi s aktualizovan\u00fdm datem &#8222;Posledn\u00ed aktualizace&#8220; a upozorn\u00edme u\u017eivatele na podstatn\u00e9 zm\u011bny prost\u0159ednictv\u00edm e-mailu nebo ozn\u00e1men\u00ed v aplikaci. Pokra\u010dov\u00e1n\u00ed v pou\u017e\u00edv\u00e1n\u00ed slu\u017eby po nabyt\u00ed \u00fa\u010dinnosti zm\u011bn znamen\u00e1 jejich p\u0159ijet\u00ed.  <\/span><\/p>\n<p class=\"p3\"><span class=\"s2\"><b>11. Kontaktujte n\u00e1s<\/b><b><\/b><\/span><\/p>\n<p class=\"p1\"><span class=\"s1\"><b>Venca, s.r.o.<\/b><b><\/b><\/span><\/p>\n<p class=\"p1\"><span class=\"s1\">Hviezdoslavov, Mu\u0161k\u00e1tov\u00e1 35, Slovensko<\/span><\/p>\n<p class=\"p1\"><span class=\"s1\"><b>I\u010cO:<\/b> 55647677<\/span><\/p>\n<p class=\"p1\"><span class=\"s1\"><b>I\u010c DPH:<\/b> SK2122046487<\/span><\/p>\n<p class=\"p5\"><span class=\"s4\"><b>E-mail: <a href=\"mailto:privacy@aurahomeai.com\"><span class=\"s3\">general@aurahomeai.com<\/span><\/a><\/b><\/span><\/p>\n<p class=\"p6\"><span class=\"s5\"><b>Webov\u00e9 str\u00e1nky:<\/b> <a href=\"https:\/\/www.aurahomeai.com\/\"><span class=\"s3\">www.aurahomeai.com<\/span><\/a><\/span><\/p>\n<p class=\"p1\"><span class=\"s3\"><a href=\"https:\/\/www.aurahomeai.com\/\">\u200d<\/a><\/span><span class=\"s1\">Pokud se nach\u00e1z\u00edte v Evropsk\u00e9 unii nebo ve Spojen\u00e9m kr\u00e1lovstv\u00ed, m\u016f\u017eete se obr\u00e1tit na m\u00edstn\u00ed \u00fa\u0159ad pro ochranu osobn\u00edch \u00fadaj\u016f, pokud m\u00e1te obavy ohledn\u011b na\u0161eho nakl\u00e1d\u00e1n\u00ed s va\u0161imi \u00fadaji.<\/span><\/p>\n<p class=\"p1\"><span class=\"s1\"><b>Dopl\u0148uj\u00edc\u00ed region\u00e1ln\u00ed informaceEvropsk\u00e1 unie \/ EHP:<\/b> Zpracov\u00e1n\u00ed osobn\u00edch \u00fadaj\u016f je zalo\u017eeno na \u010dl. 6 odst. 1 GDPR. M\u016f\u017eete podat st\u00ed\u017enost u m\u00edstn\u00edho dozorov\u00e9ho \u00fa\u0159adu. <\/span><\/p>\n<p class=\"p1\"><span class=\"s1\"><b>Spojen\u00e9 st\u00e1ty americk\u00e9:<\/b> N\u011bkter\u00e9 st\u00e1tn\u00ed z\u00e1kony o ochran\u011b osobn\u00edch \u00fadaj\u016f (nap\u0159. CCPA, CPRA) poskytuj\u00ed obyvatel\u016fm pr\u00e1va na p\u0159\u00edstup, vymaz\u00e1n\u00ed nebo odm\u00edtnut\u00ed sd\u00edlen\u00ed \u00fadaj\u016f.<\/span><\/p>\n<p class=\"p1\"><span class=\"s1\"><b>Kanada:<\/b> Dodr\u017eujeme z\u00e1kon o ochran\u011b osobn\u00edch \u00fadaj\u016f a elektronick\u00fdch dokumentech (PIPEDA).<\/span><\/p>\n<p class=\"p1\"><span class=\"s1\"><b>Austr\u00e1lie \/ Nov\u00fd Z\u00e9land:<\/b> Va\u0161e \u00fadaje jsou zpracov\u00e1v\u00e1ny podle z\u00e1kon\u016f o ochran\u011b osobn\u00edch \u00fadaj\u016f va\u0161\u00ed jurisdikce.<\/span><\/p>\n<p class=\"p1\"><span class=\"s1\">Tyto z\u00e1sady ochrany osobn\u00edch \u00fadaj\u016f plat\u00ed celosv\u011btov\u011b a jsou navr\u017eeny tak, aby byly v souladu s GDPR EU, GDPR Spojen\u00e9ho kr\u00e1lovstv\u00ed a dal\u0161\u00edmi glob\u00e1ln\u00edmi r\u00e1mci ochrany osobn\u00edch \u00fadaj\u016f.<\/span><\/p>\n<p><\/p>\t\t\t\t\t\t\t\t<\/div>\n\t\t\t\t\t<\/div>\n\t\t\t\t<\/div>\n\t\t\t\t<\/div>\n\t\t","protected":false},"excerpt":{"rendered":"<p>Posledn\u00ed aktualizace: 28. listopadu 2025 Venca, s.r.o., poskytovatel produktu&nbsp;Spole\u010dnost AuraHomeAI (&#8222;AuraHomeAI&#8222;, &#8222;my&#8222;, &#8222;n\u00e1s&#8220; nebo &#8222;na\u0161e&#8222;) se [&hellip;]<\/p>\n","protected":false},"author":1,"featured_media":0,"parent":0,"menu_order":0,"comment_status":"closed","ping_status":"open","template":"","meta":{"footnotes":""},"class_list":["post-9095","page","type-page","status-publish","hentry"],"_links":{"self":[{"href":"https:\/\/aurahomeai.com\/cs\/wp-json\/wp\/v2\/pages\/9095","targetHints":{"allow":["GET"]}}],"collection":[{"href":"https:\/\/aurahomeai.com\/cs\/wp-json\/wp\/v2\/pages"}],"about":[{"href":"https:\/\/aurahomeai.com\/cs\/wp-json\/wp\/v2\/types\/page"}],"author":[{"embeddable":true,"href":"https:\/\/aurahomeai.com\/cs\/wp-json\/wp\/v2\/users\/1"}],"replies":[{"embeddable":true,"href":"https:\/\/aurahomeai.com\/cs\/wp-json\/wp\/v2\/comments?post=9095"}],"version-history":[{"count":7,"href":"https:\/\/aurahomeai.com\/cs\/wp-json\/wp\/v2\/pages\/9095\/revisions"}],"predecessor-version":[{"id":9111,"href":"https:\/\/aurahomeai.com\/cs\/wp-json\/wp\/v2\/pages\/9095\/revisions\/9111"}],"wp:attachment":[{"href":"https:\/\/aurahomeai.com\/cs\/wp-json\/wp\/v2\/media?parent=9095"}],"curies":[{"name":"wp","href":"https:\/\/api.w.org\/{rel}","templated":true}]}}